{"id":1034,"date":"2025-03-05T17:52:30","date_gmt":"2025-03-05T14:52:30","guid":{"rendered":"https:\/\/b2b.turkeyexpotrade.com\/?post_type=product&#038;p=1034"},"modified":"2025-03-05T17:52:30","modified_gmt":"2025-03-05T14:52:30","slug":"nevresim-takimi-2","status":"publish","type":"product","link":"https:\/\/b2b.turkeyexpotrade.com\/?product=nevresim-takimi-2","title":{"rendered":"Nevresim Tak\u0131m\u0131"},"content":{"rendered":"<p>\u201d Saten yumu\u015fakl\u0131\u011f\u0131n\u0131\u00a0hissetmeniz i\u00e7in tasarlad\u0131k \u201d<\/p>\n<p>S\u0131k dokunmu\u015f jakar kuma\u015f yap\u0131s\u0131 sayesinde parlak bir g\u00f6r\u00fcn\u00fcme sahiptir.<\/p>\n<p>%100 do\u011fal pamuk ipli\u011finden \u00fcretilmi\u015ftir.<\/p>\n<p>&nbsp;<\/p>\n<p>K\u0131\u015f\u0131n \u00fc\u015f\u00fctmeyen, yaz\u0131n terletmeyen nevresim tak\u0131mlar\u0131m\u0131z ayn\u0131 zamanda cildinizin nefes almas\u0131n\u0131 sa\u011flayan ve sa\u011fl\u0131kl\u0131 uyku d\u00fczenini destekleyen \u00f6zelli\u011fe sahiptir.<\/p>\n<p>&nbsp;<\/p>\n<p><b>\u00dcr\u00fcn Ebatlar\u0131:<\/b><\/p>\n<p><strong>Jakarl\u0131 Nevresim<\/strong>: 200\u00d7220 cm<\/p>\n<p><strong>\u00c7ar\u015faf:<\/strong>\u00a0240\u00d7260 cm<\/p>\n<p><strong>Jakarl\u0131 Volanl\u0131 Yast\u0131k K\u0131l\u0131f\u0131<\/strong>: 50\u00d770 (2 adet)<\/p>\n<p><strong>Standart Yast\u0131k K\u0131l\u0131f\u0131<\/strong>: 50\u00d770 (2 adet)<\/p>\n<p>&nbsp;<\/p>\n<p><b>Y\u0131kama Talimat\u0131<\/b><br \/>\n40 derecede y\u0131kanabilir.<br \/>\nA\u011fartma yap\u0131lmaz.<br \/>\nKurutma yap\u0131lmaz.<br \/>\nKuru temizleme uygulanamaz.<\/p>\n","protected":false},"excerpt":{"rendered":"<p>\u201d Saten yumu\u015fakl\u0131\u011f\u0131n\u0131\u00a0hissetmeniz i\u00e7in tasarlad\u0131k \u201d<\/p>\n<p>S\u0131k dokunmu\u015f jakar kuma\u015f yap\u0131s\u0131 sayesinde parlak bir g\u00f6r\u00fcn\u00fcme sahiptir.<\/p>\n<p>%100 do\u011fal pamuk ipli\u011finden \u00fcretilmi\u015ftir.<\/p>\n<p>&nbsp;<\/p>\n<p>K\u0131\u015f\u0131n \u00fc\u015f\u00fctmeyen, yaz\u0131n terletmeyen nevresim tak\u0131mlar\u0131m\u0131z ayn\u0131 zamanda cildinizin nefes almas\u0131n\u0131 sa\u011flayan ve sa\u011fl\u0131kl\u0131 uyku d\u00fczenini destekleyen \u00f6zelli\u011fe sahiptir.<\/p>\n","protected":false},"featured_media":1061,"comment_status":"open","ping_status":"closed","template":"","meta":[],"product_cat":[32,107],"product_tag":[117],"class_list":{"0":"post-1034","1":"product","2":"type-product","3":"status-publish","4":"has-post-thumbnail","6":"product_cat-ev-tekstil","7":"product_cat-nevresim-takimi","8":"product_tag-nevresim-takimi","10":"first","11":"instock","12":"shipping-taxable","13":"product-type-simple"},"_links":{"self":[{"href":"https:\/\/b2b.turkeyexpotrade.com\/index.php?rest_route=\/wp\/v2\/product\/1034","targetHints":{"allow":["GET"]}}],"collection":[{"href":"https:\/\/b2b.turkeyexpotrade.com\/index.php?rest_route=\/wp\/v2\/product"}],"about":[{"href":"https:\/\/b2b.turkeyexpotrade.com\/index.php?rest_route=\/wp\/v2\/types\/product"}],"replies":[{"embeddable":true,"href":"https:\/\/b2b.turkeyexpotrade.com\/index.php?rest_route=%2Fwp%2Fv2%2Fcomments&post=1034"}],"wp:featuredmedia":[{"embeddable":true,"href":"https:\/\/b2b.turkeyexpotrade.com\/index.php?rest_route=\/wp\/v2\/media\/1061"}],"wp:attachment":[{"href":"https:\/\/b2b.turkeyexpotrade.com\/index.php?rest_route=%2Fwp%2Fv2%2Fmedia&parent=1034"}],"wp:term":[{"taxonomy":"product_cat","embeddable":true,"href":"https:\/\/b2b.turkeyexpotrade.com\/index.php?rest_route=%2Fwp%2Fv2%2Fproduct_cat&post=1034"},{"taxonomy":"product_tag","embeddable":true,"href":"https:\/\/b2b.turkeyexpotrade.com\/index.php?rest_route=%2Fwp%2Fv2%2Fproduct_tag&post=1034"}],"curies":[{"name":"wp","href":"https:\/\/api.w.org\/{rel}","templated":true}]}}