{"id":1064,"date":"2025-02-05T18:14:40","date_gmt":"2025-02-05T15:14:40","guid":{"rendered":"https:\/\/b2b.turkeyexpotrade.com\/?post_type=product&#038;p=1064"},"modified":"2025-03-05T18:38:28","modified_gmt":"2025-03-05T15:38:28","slug":"4-parca-banyo-havlu-seti","status":"publish","type":"product","link":"https:\/\/b2b.turkeyexpotrade.com\/?product=4-parca-banyo-havlu-seti","title":{"rendered":"4 Par\u00e7a Banyo Havlu Seti"},"content":{"rendered":"<p>Kuma\u015f Dokumas\u0131: Pamuk<\/p>\n<p>Kuma\u015f T\u00fcr\u00fc: Ring \u0130plik %100 Pamuk<\/p>\n<p>\u00dcr\u00fcn Bilgisi:<\/p>\n<p>Pamuk ring iplikten \u00fcretilmi\u015f\u00a0 500 gm2 jakar dokuma<\/p>\n<p>K\u0131sm\u0131 kadife tekni\u011fi ile \u00fcretilmi\u015ftir.<\/p>\n<p>Kanserojen Madde \u0130\u00e7ermez.<\/p>\n<p>Birinci s\u0131n\u0131f kalitedeki y\u00fcksek kalite standartlar\u0131 dikkate al\u0131narak \u00fcretilmektedir.<\/p>\n<p>Kaliteli olmas\u0131ndan dolay\u0131 y\u0131llarca kullan\u0131labilir.<\/p>\n<p>Y\u0131llarca kullan\u0131lmas\u0131na ra\u011fmen renginde solma, dokusunda bozulma meydana gelmez.<br \/>\nNemi uzun s\u00fcre i\u00e7inde tutmad\u0131\u011f\u0131ndan hemen kurur.<\/p>\n<p>Anti bakteriyel olan \u00fcr\u00fcn\u00fcm\u00fcz\u00fcn dokumas\u0131nda bakteri ve mikrop \u00fcreme seviyesi minimumdad\u0131r.<\/p>\n<p>Su \u00e7ekme g\u00fcc\u00fc y\u00fcksektir.<\/p>\n<p>Son teknolojik cihazlarla boyanan \u00fcr\u00fcn\u00fcm\u00fczde renk dalgalanmas\u0131 ya\u015fanmaz.<br \/>\n\u00dcr\u00fcn \u0130\u00e7eri\u011fi:<br \/>\nHavlu Ebat\u0131:\u00a0 30*50 &amp; 50*90 &amp;\u00a0 50*70 &amp;\u00a0 70*140 Cm<\/p>\n","protected":false},"excerpt":{"rendered":"<p>Kuma\u015f Dokumas\u0131: Pamuk<\/p>\n<p>Kuma\u015f T\u00fcr\u00fc: Ring \u0130plik %100 Pamuk<\/p>\n<p>\u00dcr\u00fcn Bilgisi:<\/p>\n<p>Pamuk ring iplikten \u00fcretilmi\u015f\u00a0 500 gm2 jakar dokuma<\/p>\n<p>K\u0131sm\u0131 kadife tekni\u011fi ile \u00fcretilmi\u015ftir.<\/p>\n<p>Kanserojen Madde \u0130\u00e7ermez.<\/p>\n<p>Birinci s\u0131n\u0131f kalitedeki y\u00fcksek kalite standartlar\u0131 dikkate al\u0131narak \u00fcretilmektedir.<\/p>\n<p>Kaliteli olmas\u0131ndan dolay\u0131 y\u0131llarca kullan\u0131labilir.<\/p>\n<p>Y\u0131llarca kullan\u0131lmas\u0131na ra\u011fmen renginde solma, dokusunda bozulma meydana gelmez.<br \/>\nNemi uzun s\u00fcre i\u00e7inde tutmad\u0131\u011f\u0131ndan hemen kurur.<\/p>\n<p>Anti bakteriyel olan \u00fcr\u00fcn\u00fcm\u00fcz\u00fcn dokumas\u0131nda bakteri ve mikrop \u00fcreme seviyesi minimumdad\u0131r.<\/p>\n<p>Su \u00e7ekme g\u00fcc\u00fc y\u00fcksektir.<\/p>\n<p>Son teknolojik cihazlarla boyanan \u00fcr\u00fcn\u00fcm\u00fczde renk dalgalanmas\u0131 ya\u015fanmaz.<br \/>\n\u00dcr\u00fcn \u0130\u00e7eri\u011fi:<br \/>\nHavlu Ebat\u0131:\u00a0 30*50 &amp; 50*90 &amp;\u00a0 50*70 &amp;\u00a0 70*140 Cm<\/p>\n","protected":false},"featured_media":1065,"comment_status":"open","ping_status":"closed","template":"","meta":[],"product_cat":[32,109],"product_tag":[],"class_list":{"0":"post-1064","1":"product","2":"type-product","3":"status-publish","4":"has-post-thumbnail","6":"product_cat-ev-tekstil","7":"product_cat-havlu-bornoz","9":"first","10":"instock","11":"shipping-taxable","12":"product-type-simple"},"_links":{"self":[{"href":"https:\/\/b2b.turkeyexpotrade.com\/index.php?rest_route=\/wp\/v2\/product\/1064","targetHints":{"allow":["GET"]}}],"collection":[{"href":"https:\/\/b2b.turkeyexpotrade.com\/index.php?rest_route=\/wp\/v2\/product"}],"about":[{"href":"https:\/\/b2b.turkeyexpotrade.com\/index.php?rest_route=\/wp\/v2\/types\/product"}],"replies":[{"embeddable":true,"href":"https:\/\/b2b.turkeyexpotrade.com\/index.php?rest_route=%2Fwp%2Fv2%2Fcomments&post=1064"}],"wp:featuredmedia":[{"embeddable":true,"href":"https:\/\/b2b.turkeyexpotrade.com\/index.php?rest_route=\/wp\/v2\/media\/1065"}],"wp:attachment":[{"href":"https:\/\/b2b.turkeyexpotrade.com\/index.php?rest_route=%2Fwp%2Fv2%2Fmedia&parent=1064"}],"wp:term":[{"taxonomy":"product_cat","embeddable":true,"href":"https:\/\/b2b.turkeyexpotrade.com\/index.php?rest_route=%2Fwp%2Fv2%2Fproduct_cat&post=1064"},{"taxonomy":"product_tag","embeddable":true,"href":"https:\/\/b2b.turkeyexpotrade.com\/index.php?rest_route=%2Fwp%2Fv2%2Fproduct_tag&post=1064"}],"curies":[{"name":"wp","href":"https:\/\/api.w.org\/{rel}","templated":true}]}}