{"id":1113,"date":"2025-02-05T18:28:47","date_gmt":"2025-02-05T15:28:47","guid":{"rendered":"https:\/\/b2b.turkeyexpotrade.com\/?post_type=product&#038;p=1113"},"modified":"2025-03-05T18:39:09","modified_gmt":"2025-03-05T15:39:09","slug":"masa-ortusu","status":"publish","type":"product","link":"https:\/\/b2b.turkeyexpotrade.com\/?product=masa-ortusu","title":{"rendered":"Masa \u00d6rt\u00fcs\u00fc"},"content":{"rendered":"<p>Frans\u0131z Dantelli 26 Par\u00e7a Kdk Yemek Seti<\/p>\n<p>RENK: Krem , Pudra , Cappucino , Gri<\/p>\n<p>1 Adet Masa \u00d6rt\u00fcs\u00fc,\u00a0 1 Adet Runner ,\u00a012 Adet Pe\u00e7ete,\u00a012 Adet Y\u00fcz\u00fck,<\/p>\n<p>8,10,12 Ki\u015filik Masalara uygundur.<\/p>\n<p>Leke tutmaz dertsiz kuma\u015f \u00f6zelli\u011fine sahip,<\/p>\n<p>Masa \u00f6rt\u00fcs\u00fc ,pe\u00e7ete ve runner komple dantellidir.<\/p>\n<p>Y\u0131kama Talimat\u0131:<\/p>\n<p>Max 40 C derecede y\u0131kay\u0131n\u0131z.<\/p>\n<p>\u00c7ama\u015f\u0131r suyu vb. kimyasallar kesinlikle kullanmay\u0131n<\/p>\n<p>Y\u0131kama esnas\u0131nda koyu renklerden ayr\u0131 tutunuz.<\/p>\n<p>\u00dcr\u00fcn\u00fc \u0131slak \u015fekilde bekletmeyin,<\/p>\n<p>Kurutma makinas\u0131nda kurutma yapabilirsiniz.<\/p>\n<p>T\u00fcrkiye \u2018 de \u00dcretilmi\u015ftir.<\/p>\n","protected":false},"excerpt":{"rendered":"<p>Frans\u0131z Dantelli 26 Par\u00e7a Kdk Yemek Seti<\/p>\n<p>RENK: Krem , Pudra , Cappucino , Gri<\/p>\n<p>1 Adet Masa \u00d6rt\u00fcs\u00fc,\u00a0 1 Adet Runner ,\u00a012 Adet Pe\u00e7ete,\u00a012 Adet Y\u00fcz\u00fck,<\/p>\n<p>8,10,12 Ki\u015filik Masalara uygundur.<\/p>\n<p>Leke tutmaz dertsiz kuma\u015f \u00f6zelli\u011fine sahip,<\/p>\n<p>Masa \u00f6rt\u00fcs\u00fc ,pe\u00e7ete ve runner komple dantellidir.<\/p>\n","protected":false},"featured_media":1116,"comment_status":"open","ping_status":"closed","template":"","meta":[],"product_cat":[32,114],"product_tag":[],"class_list":{"0":"post-1113","1":"product","2":"type-product","3":"status-publish","4":"has-post-thumbnail","6":"product_cat-ev-tekstil","7":"product_cat-masa-ortusu-yemek-ortusu","9":"first","10":"instock","11":"shipping-taxable","12":"product-type-simple"},"_links":{"self":[{"href":"https:\/\/b2b.turkeyexpotrade.com\/index.php?rest_route=\/wp\/v2\/product\/1113","targetHints":{"allow":["GET"]}}],"collection":[{"href":"https:\/\/b2b.turkeyexpotrade.com\/index.php?rest_route=\/wp\/v2\/product"}],"about":[{"href":"https:\/\/b2b.turkeyexpotrade.com\/index.php?rest_route=\/wp\/v2\/types\/product"}],"replies":[{"embeddable":true,"href":"https:\/\/b2b.turkeyexpotrade.com\/index.php?rest_route=%2Fwp%2Fv2%2Fcomments&post=1113"}],"wp:featuredmedia":[{"embeddable":true,"href":"https:\/\/b2b.turkeyexpotrade.com\/index.php?rest_route=\/wp\/v2\/media\/1116"}],"wp:attachment":[{"href":"https:\/\/b2b.turkeyexpotrade.com\/index.php?rest_route=%2Fwp%2Fv2%2Fmedia&parent=1113"}],"wp:term":[{"taxonomy":"product_cat","embeddable":true,"href":"https:\/\/b2b.turkeyexpotrade.com\/index.php?rest_route=%2Fwp%2Fv2%2Fproduct_cat&post=1113"},{"taxonomy":"product_tag","embeddable":true,"href":"https:\/\/b2b.turkeyexpotrade.com\/index.php?rest_route=%2Fwp%2Fv2%2Fproduct_tag&post=1113"}],"curies":[{"name":"wp","href":"https:\/\/api.w.org\/{rel}","templated":true}]}}