{"id":1117,"date":"2025-02-05T18:34:26","date_gmt":"2025-02-05T15:34:26","guid":{"rendered":"https:\/\/b2b.turkeyexpotrade.com\/?post_type=product&#038;p=1117"},"modified":"2025-03-05T18:39:25","modified_gmt":"2025-03-05T15:39:25","slug":"yorgan-alez","status":"publish","type":"product","link":"https:\/\/b2b.turkeyexpotrade.com\/?product=yorgan-alez","title":{"rendered":"Yorgan &#038; Alez"},"content":{"rendered":"<p><strong>Kadife Kare Kapitoneli Yorgan<\/strong><\/p>\n<p><strong>Renk : Bej<\/strong><\/p>\n<p><strong>Tek Ki\u015filik : 155*215 cm<\/strong><\/p>\n<p><strong>\u00c7ift Ki\u015filik : 195*215 cm<\/strong><\/p>\n<p><strong>Double : 215*235 cm<\/strong><\/p>\n<p>&nbsp;<\/p>\n<p><strong>\u00dcst Kadife D\u0131\u015f Kuma\u015f<\/strong><\/p>\n<p><strong>Alt Microfiber kuma\u015f,\u00a0<\/strong><\/p>\n<p><strong>%100 Poliester \u0130\u00e7 Dolgu<\/strong><br \/>\n<strong>\u0130\u00e7 Dolgu: 350 G\/M2<\/strong><br \/>\n<strong>K\u0131\u015fl\u0131k kullan\u0131m i\u00e7in idealdir<\/strong><br \/>\n<strong>Silikonize Elyaf dolgu.<\/strong><\/p>\n<p><strong>Yast\u0131k ve yorgan\u0131n son derece hafif olmas\u0131n\u0131 sa\u011flayan mikro elyaf yap\u0131 rahat ve iyi bir uyku sunar.<\/strong><br \/>\n<strong>S\u0131cakl\u0131k de\u011fi\u015fimlerine kar\u015f\u0131 v\u00fccudu korur, nemi ayarlar ve konforlu bir uyku ortam\u0131 sa\u011flar.<\/strong><\/p>\n<p>\u00c7apa Home\u2019nin kalite ve rahatl\u0131\u011f\u0131 bir araya getirdi\u011fi \u00fcr\u00fcnlerinden biri olan ve yatak odas\u0131 kategorisinde yer alan Kadife Yorgan,<\/p>\n<p>kendinizi \u015f\u0131martmak ve \u00f6zel hissetmek i\u00e7in tercih edece\u011finiz \u00f6zel \u00fcretilmi\u015f bir yorgan modeli olarak be\u011feninize sunuluyor.<\/p>\n<p>\u00c7apa Home markas\u0131n\u0131n sa\u011fl\u0131kl\u0131 kuma\u015f prensibini en iyi yans\u0131tan \u00fcr\u00fcnleri aras\u0131nda yer alan Yorgan Kadife ve Microfiber kuma\u015ftan olu\u015fuyor, \u015f\u0131kl\u0131\u011f\u0131 ve yumu\u015fakl\u0131\u011f\u0131 ile dikkatleri \u00fczerine \u00e7ekiyor. Elyaf inceli\u011finin 0.9 denyeye kadar indirilmesi ile di\u011fer yorganlara oranla daha rahat bir uyku \u00e7ekmenin p\u00fcf noktas\u0131n\u0131 olu\u015fturan \u00fcr\u00fcn, Bej rengi ile kullan\u0131\u015f rahatl\u0131\u011f\u0131 da sunuyor.<\/p>\n<p>Tek ki\u015filik model 155 x 215 cm \u00f6l\u00e7\u00fcs\u00fcndedir.<\/p>\n<p>\u00c7ift ki\u015filik model 195*215 cm \u00f6l\u00e7\u00fcs\u00fcndedir.<\/p>\n","protected":false},"excerpt":{"rendered":"<p><strong>Kadife Kare Kapitoneli Yorgan<\/strong><\/p>\n<p><strong>Renk : Bej<\/strong><\/p>\n<p><strong>Tek Ki\u015filik : 155*215 cm<\/strong><\/p>\n<p><strong>\u00c7ift Ki\u015filik : 195*215 cm<\/strong><\/p>\n<p><strong>Double : 215*235 cm<\/strong><\/p>\n<p>&nbsp;<\/p>\n<p><strong>\u00dcst Kadife D\u0131\u015f Kuma\u015f<\/strong><\/p>\n<p><strong>Alt Microfiber kuma\u015f,\u00a0<\/strong><\/p>\n<p><strong>%100 Poliester \u0130\u00e7 Dolgu<\/strong><br \/>\n<strong>\u0130\u00e7 Dolgu: 350 G\/M2<\/strong><br \/>\n<strong>K\u0131\u015fl\u0131k kullan\u0131m i\u00e7in idealdir<\/strong><br \/>\n<strong>Silikonize Elyaf dolgu.<\/strong><\/p>\n","protected":false},"featured_media":1118,"comment_status":"open","ping_status":"closed","template":"","meta":[],"product_cat":[32,111],"product_tag":[],"class_list":{"0":"post-1117","1":"product","2":"type-product","3":"status-publish","4":"has-post-thumbnail","6":"product_cat-ev-tekstil","7":"product_cat-yorgan-alez","9":"first","10":"instock","11":"shipping-taxable","12":"product-type-simple"},"_links":{"self":[{"href":"https:\/\/b2b.turkeyexpotrade.com\/index.php?rest_route=\/wp\/v2\/product\/1117","targetHints":{"allow":["GET"]}}],"collection":[{"href":"https:\/\/b2b.turkeyexpotrade.com\/index.php?rest_route=\/wp\/v2\/product"}],"about":[{"href":"https:\/\/b2b.turkeyexpotrade.com\/index.php?rest_route=\/wp\/v2\/types\/product"}],"replies":[{"embeddable":true,"href":"https:\/\/b2b.turkeyexpotrade.com\/index.php?rest_route=%2Fwp%2Fv2%2Fcomments&post=1117"}],"wp:featuredmedia":[{"embeddable":true,"href":"https:\/\/b2b.turkeyexpotrade.com\/index.php?rest_route=\/wp\/v2\/media\/1118"}],"wp:attachment":[{"href":"https:\/\/b2b.turkeyexpotrade.com\/index.php?rest_route=%2Fwp%2Fv2%2Fmedia&parent=1117"}],"wp:term":[{"taxonomy":"product_cat","embeddable":true,"href":"https:\/\/b2b.turkeyexpotrade.com\/index.php?rest_route=%2Fwp%2Fv2%2Fproduct_cat&post=1117"},{"taxonomy":"product_tag","embeddable":true,"href":"https:\/\/b2b.turkeyexpotrade.com\/index.php?rest_route=%2Fwp%2Fv2%2Fproduct_tag&post=1117"}],"curies":[{"name":"wp","href":"https:\/\/api.w.org\/{rel}","templated":true}]}}