{"id":1128,"date":"2025-03-05T18:46:39","date_gmt":"2025-03-05T15:46:39","guid":{"rendered":"https:\/\/b2b.turkeyexpotrade.com\/?post_type=product&#038;p=1128"},"modified":"2025-03-05T18:48:34","modified_gmt":"2025-03-05T15:48:34","slug":"kuyumcu-ifraz-makinasi","status":"publish","type":"product","link":"https:\/\/b2b.turkeyexpotrade.com\/?product=kuyumcu-ifraz-makinasi","title":{"rendered":"Kuyumcu \u0130fraz Makinas\u0131"},"content":{"rendered":"<p>Alt\u0131n, g\u00fcm\u00fc\u015f, platin, paladyum gibi y\u00fcksek safl\u0131kta de\u011ferli metallerin i\u015flenmesi ve \u00fcretilmesi i\u00e7in kimyasal ar\u0131tma sistemi kullan\u0131lmaktad\u0131r.<\/p>\n<p>Sistem 1 kg\u2019dan 1 tona kadar istenilen kapasitede \u00fcretilebilir.<\/p>\n<p>Titanyumdan yap\u0131lan reakt\u00f6r hari\u00e7, sistem polipropilenden yap\u0131lm\u0131\u015ft\u0131r.<\/p>\n<p>Sistem PLC kontroll\u00fc olarak \u00e7al\u0131\u015fmaktad\u0131r. Sistemde at\u0131k gaz ve at\u0131ksu n\u00f6tralizasyon \u00fcniteleri bulunmaktad\u0131r. De\u015farjlar her \u00fclke i\u00e7in uygundur.<\/p>\n<figure class=\"wp-block-table\">\n<table>\n<tbody>\n<tr>\n<td>Elektrik T\u00fcketimi<\/td>\n<td>380V \/ 0,55 kW<\/td>\n<\/tr>\n<tr>\n<td>Boyutlar<\/td>\n<td>500\u00d71600 mm<\/td>\n<\/tr>\n<tr>\n<td>A\u011f\u0131rl\u0131k<\/td>\n<td>90 kg<\/td>\n<\/tr>\n<tr>\n<td>Garanti<\/td>\n<td>1 Y\u0131l\/\u00a0Year<\/td>\n<\/tr>\n<\/tbody>\n<\/table>\n<\/figure>\n<p>&nbsp;<\/p>\n<p><mark class=\"has-inline-color has-vivid-red-color\"><strong><a href=\"https:\/\/www.kayalimakina.com.tr\/makinalarimiz\/\">Kuyumcu Makina Parkurumuz<\/a><\/strong>,\u00a0<strong><a href=\"https:\/\/www.kayalimakina.com.tr\/tavlama-ve-zac-yagi-makinasi\/\">Tavlama ve Zac Ya\u011f\u0131 Makinas\u0131<\/a><\/strong>\u00a0,\u00a0<strong><a href=\"https:\/\/www.kayalimakina.com.tr\/tavlama-ve-zac-yagi-makinasi\/\">Asit Gaz\u0131 Y\u0131kama \u00dcniteleri<\/a><\/strong>\u00a0,\u00a0<strong><a href=\"https:\/\/www.kayalimakina.com.tr\/bakir-bosaltma-makinasi\/\">Bak\u0131r Bo\u015faltma Makinas\u0131<\/a><\/strong>\u00a0,\u00a0<strong><a href=\"https:\/\/www.kayalimakina.com.tr\/demir-bosaltma-makinasi\/\">Demir Bo\u015faltma Makinas\u0131\u00a0<\/a><\/strong>,\u00a0<strong><a href=\"https:\/\/www.kayalimakina.com.tr\/ifraz-makineleri\/\">\u0130fraz Makineleri<\/a><\/strong>\u00a0,\u00a0<strong><a href=\"https:\/\/www.kayalimakina.com.tr\/asit-fanlari\/\">Asit Fanlar\u0131\u00a0<\/a><\/strong>,\u00a0<a href=\"https:\/\/www.kayalimakina.com.tr\/ramat-lavabolari\/\"><strong>Ramat Lavabolar\u0131<\/strong><\/a>\u00a0,\u00a0<strong><a href=\"https:\/\/www.kayalimakina.com.tr\/patlatma-makinasi\/\">Patlatma Makinas\u0131<\/a><\/strong><\/mark><\/p>\n","protected":false},"excerpt":{"rendered":"<p>Alt\u0131n, g\u00fcm\u00fc\u015f, platin, paladyum gibi y\u00fcksek safl\u0131kta de\u011ferli metallerin i\u015flenmesi ve \u00fcretilmesi i\u00e7in kimyasal ar\u0131tma sistemi kullan\u0131lmaktad\u0131r.<\/p>\n<p>Sistem 1 kg\u2019dan 1 tona kadar istenilen kapasitede \u00fcretilebilir.<\/p>\n<p>Titanyumdan yap\u0131lan reakt\u00f6r hari\u00e7, sistem polipropilenden yap\u0131lm\u0131\u015ft\u0131r.<\/p>\n<p>Sistem PLC kontroll\u00fc olarak \u00e7al\u0131\u015fmaktad\u0131r. Sistemde at\u0131k gaz ve at\u0131ksu n\u00f6tralizasyon \u00fcniteleri bulunmaktad\u0131r. De\u015farjlar her \u00fclke i\u00e7in uygundur.<\/p>\n","protected":false},"featured_media":1129,"comment_status":"open","ping_status":"closed","template":"","meta":[],"product_cat":[43,29],"product_tag":[144,143,145],"class_list":{"0":"post-1128","1":"product","2":"type-product","3":"status-publish","4":"has-post-thumbnail","6":"product_cat-kuyumcu-makinalari","7":"product_cat-makinalar","8":"product_tag-ifraz-makinalari","9":"product_tag-kuyumcu-makinalar","10":"product_tag-turkiye-makinalar","12":"first","13":"instock","14":"shipping-taxable","15":"product-type-simple"},"_links":{"self":[{"href":"https:\/\/b2b.turkeyexpotrade.com\/index.php?rest_route=\/wp\/v2\/product\/1128","targetHints":{"allow":["GET"]}}],"collection":[{"href":"https:\/\/b2b.turkeyexpotrade.com\/index.php?rest_route=\/wp\/v2\/product"}],"about":[{"href":"https:\/\/b2b.turkeyexpotrade.com\/index.php?rest_route=\/wp\/v2\/types\/product"}],"replies":[{"embeddable":true,"href":"https:\/\/b2b.turkeyexpotrade.com\/index.php?rest_route=%2Fwp%2Fv2%2Fcomments&post=1128"}],"wp:featuredmedia":[{"embeddable":true,"href":"https:\/\/b2b.turkeyexpotrade.com\/index.php?rest_route=\/wp\/v2\/media\/1129"}],"wp:attachment":[{"href":"https:\/\/b2b.turkeyexpotrade.com\/index.php?rest_route=%2Fwp%2Fv2%2Fmedia&parent=1128"}],"wp:term":[{"taxonomy":"product_cat","embeddable":true,"href":"https:\/\/b2b.turkeyexpotrade.com\/index.php?rest_route=%2Fwp%2Fv2%2Fproduct_cat&post=1128"},{"taxonomy":"product_tag","embeddable":true,"href":"https:\/\/b2b.turkeyexpotrade.com\/index.php?rest_route=%2Fwp%2Fv2%2Fproduct_tag&post=1128"}],"curies":[{"name":"wp","href":"https:\/\/api.w.org\/{rel}","templated":true}]}}