{"id":1130,"date":"2025-03-05T18:56:55","date_gmt":"2025-03-05T15:56:55","guid":{"rendered":"https:\/\/b2b.turkeyexpotrade.com\/?post_type=product&#038;p=1130"},"modified":"2025-03-05T18:56:55","modified_gmt":"2025-03-05T15:56:55","slug":"termoform-makinesi","status":"publish","type":"product","link":"https:\/\/b2b.turkeyexpotrade.com\/?product=termoform-makinesi","title":{"rendered":"Termoform Makines\u0131"},"content":{"rendered":"<div id=\"page\" class=\"site\">\n<div class=\"hill-innner-body\">\n<div class=\"hill-container\">\n<div class=\"hill-container-main sidebar-position-\"><main id=\"primary\" class=\"site-main\"><\/p>\n<article id=\"post-1731\" class=\"post-1731 post type-post status-publish format-standard has-post-thumbnail hentry category-termoform-makinalari\">\n<div class=\"entry-content\">\n<p>\u00dcst d\u00fczey kontrol sistemleri ve enerji verimlili\u011fiyle \u00f6ne \u00e7\u0131kan makinelerimizden Formeka SR 965 Termoform Makinesi; kal\u0131p \u00f6l\u00e7\u00fclerini 900 mm x 650 mm\u2019 ye kadar b\u00fcy\u00fcterek kapasite art\u0131\u015f\u0131n\u0131za yard\u0131mc\u0131 olacak bir se\u00e7enektir.<\/p>\n<p>Kullan\u0131c\u0131 dostu yaz\u0131l\u0131m ile donat\u0131lm\u0131\u015f olan makinelerimizden Formeka SR 965 tek kullan\u0131ml\u0131k plastik kap sekt\u00f6r\u00fcne etkili bir \u00e7\u00f6z\u00fcm sunmaktad\u0131r.<\/p>\n<p>Benzer modellere g\u00f6re uzat\u0131lm\u0131\u015f \u0131s\u0131t\u0131c\u0131 tava boyu, e\u015fsiz bask\u0131 kuvveti ve g\u00fc\u00e7l\u00fc blok yap\u0131s\u0131 sayesinde Formeka SR965 Termoform Makinesi ile PET, RPET, PP, PLA, OPS, PS gibi plastikleri 0,2-2 mm kal\u0131nl\u0131k aral\u0131\u011f\u0131nda kolayl\u0131kla \u015fekillendireceksiniz.<\/p>\n<p><a href=\"https:\/\/www.youtube.com\/watch?v=pHC85jHZP6I\">\u00a0\u00dcr\u00fcn Video<\/a><\/p>\n<p><a href=\"https:\/\/www.formeka.com\/kategoriler.php?kid=1708338999#\">\u00a0FORMEKA SR 965 TEKN\u0130K \u00d6ZELL\u0130KLER<\/a><\/p>\n<figure class=\"wp-block-table\">\n<table>\n<tbody>\n<tr>\n<td>Maks. Kal\u0131p \u00d6l\u00e7\u00fcleri<\/td>\n<td>mm<\/td>\n<td colspan=\"2\">900 x 650<\/td>\n<\/tr>\n<tr>\n<td>Maks. \u00c7al\u0131\u015fma H\u0131z\u0131<\/td>\n<td>\u00e7evrim \/ dak.<\/td>\n<td colspan=\"2\">60<\/td>\n<\/tr>\n<tr>\n<td>Maks. Film Geni\u015fli\u011fi<\/td>\n<td>mm<\/td>\n<td colspan=\"2\">940<\/td>\n<\/tr>\n<tr>\n<td>Film Kal\u0131nl\u0131\u011f\u0131<\/td>\n<td>mm<\/td>\n<td colspan=\"2\">0.2 \u2013 1.6<\/td>\n<\/tr>\n<tr>\n<td>Maks. Form Alan\u0131<\/td>\n<td>mm<\/td>\n<td colspan=\"2\">880 x 630<\/td>\n<\/tr>\n<tr>\n<td>Maks. \u00dcr\u00fcn Derinli\u011fi<\/td>\n<td>mm<\/td>\n<td colspan=\"2\">Positif 140 \/ Negatif 140<\/td>\n<\/tr>\n<tr>\n<td>\u0130stasyon Strok<\/td>\n<td>mm<\/td>\n<td colspan=\"2\">150<\/td>\n<\/tr>\n<tr>\n<td rowspan=\"6\">\n<p>Kapama Kuvveti<\/td>\n<td rowspan=\"6\">\n<p>daN<\/td>\n<td colspan=\"2\">Form \u0130stasyonu<\/td>\n<\/tr>\n<tr>\n<td colspan=\"2\">60 000<\/td>\n<\/tr>\n<tr>\n<td colspan=\"2\">Delme \u0130stasyonu<\/td>\n<\/tr>\n<tr>\n<td colspan=\"2\">70 000<\/td>\n<\/tr>\n<tr>\n<td colspan=\"2\">Kesme \u0130stasyonu<\/td>\n<\/tr>\n<tr>\n<td colspan=\"2\">80 000<\/td>\n<\/tr>\n<tr>\n<td>Is\u0131tma Tavas\u0131 Boyu<\/td>\n<td>mm<\/td>\n<td colspan=\"2\">2250<\/td>\n<\/tr>\n<tr>\n<td>Is\u0131tma Tava Geni\u015fli\u011fi<\/td>\n<td>mm<\/td>\n<td colspan=\"2\">930<\/td>\n<\/tr>\n<tr>\n<td>Is\u0131tma Tavas\u0131 G\u00fcc\u00fc<\/td>\n<td>kw<\/td>\n<td colspan=\"2\">165<\/td>\n<\/tr>\n<tr>\n<td>Pressure of the Air<\/td>\n<td>bar<\/td>\n<td colspan=\"2\">6<\/td>\n<\/tr>\n<tr>\n<td>Vakum Pompas\u0131<\/td>\n<td>m\u00b3 \/ h<\/td>\n<td colspan=\"2\">150<\/td>\n<\/tr>\n<tr>\n<td>Kurulu G\u00fc\u00e7 ( 3-4 \u0130stasyon )<\/td>\n<td>kw<\/td>\n<td colspan=\"2\">225-245<\/td>\n<\/tr>\n<tr>\n<td colspan=\"2\">Yaz\u0131l\u0131m<\/td>\n<td colspan=\"2\">Formeka<\/td>\n<\/tr>\n<tr>\n<td>Kontrol \u00fcnitesi<\/td>\n<td><\/td>\n<td colspan=\"2\">Sew Eurodrive<\/td>\n<\/tr>\n<tr>\n<td rowspan=\"4\">Yerle\u015fim \u00d6l\u00e7\u00fcleri<\/p>\n<p>Uzunluk<\/p>\n<p>Geni\u015flik<\/p>\n<p>Y\u00fckseklik ( max. )<\/td>\n<td rowspan=\"4\">\n<p>mm<\/td>\n<td>3 \u0130stasyon<\/td>\n<td>4 \u0130stasyon<\/td>\n<\/tr>\n<tr>\n<td>11400<\/td>\n<td>13900<\/td>\n<\/tr>\n<tr>\n<td>3250<\/td>\n<td>3250<\/td>\n<\/tr>\n<tr>\n<td>3700<\/td>\n<td>3700<\/td>\n<\/tr>\n<tr>\n<td rowspan=\"2\">\nA\u011f\u0131rl\u0131k<\/td>\n<td rowspan=\"2\">\nkg<\/td>\n<td>3 \u0130stasyon<\/td>\n<td>4 \u0130stasyon<\/td>\n<\/tr>\n<tr>\n<td>14600<\/td>\n<td>17400<\/td>\n<\/tr>\n<\/tbody>\n<\/table>\n<\/figure>\n<figure class=\"wp-block-image size-large\"><img loading=\"lazy\" decoding=\"async\" class=\"wp-image-1733\" src=\"https:\/\/www.makinecitv.com\/wp-content\/uploads\/2024\/06\/thermoformmakina-1-1024x332.jpg\" sizes=\"auto, (max-width: 1024px) 100vw, 1024px\" srcset=\"https:\/\/www.makinecitv.com\/wp-content\/uploads\/2024\/06\/thermoformmakina-1-1024x332.jpg 1024w, https:\/\/www.makinecitv.com\/wp-content\/uploads\/2024\/06\/thermoformmakina-1-300x97.jpg 300w, https:\/\/www.makinecitv.com\/wp-content\/uploads\/2024\/06\/thermoformmakina-1-768x249.jpg 768w, https:\/\/www.makinecitv.com\/wp-content\/uploads\/2024\/06\/thermoformmakina-1-1536x498.jpg 1536w, https:\/\/www.makinecitv.com\/wp-content\/uploads\/2024\/06\/thermoformmakina-1-600x194.jpg 600w, https:\/\/www.makinecitv.com\/wp-content\/uploads\/2024\/06\/thermoformmakina-1.jpg 1698w\" alt=\"\" width=\"1024\" height=\"332\" \/><\/figure>\n<figure class=\"wp-block-image size-large\"><img loading=\"lazy\" decoding=\"async\" class=\"wp-image-1735\" src=\"https:\/\/www.makinecitv.com\/wp-content\/uploads\/2024\/06\/therform-ozellik-1024x781.jpg\" sizes=\"auto, (max-width: 1024px) 100vw, 1024px\" srcset=\"https:\/\/www.makinecitv.com\/wp-content\/uploads\/2024\/06\/therform-ozellik-1024x781.jpg 1024w, https:\/\/www.makinecitv.com\/wp-content\/uploads\/2024\/06\/therform-ozellik-300x229.jpg 300w, https:\/\/www.makinecitv.com\/wp-content\/uploads\/2024\/06\/therform-ozellik-768x586.jpg 768w, https:\/\/www.makinecitv.com\/wp-content\/uploads\/2024\/06\/therform-ozellik-600x458.jpg 600w, https:\/\/www.makinecitv.com\/wp-content\/uploads\/2024\/06\/therform-ozellik.jpg 1054w\" alt=\"\" width=\"1024\" height=\"781\" \/><\/figure>\n<\/div>\n<footer class=\"entry-footer\"><\/footer>\n<\/article>\n<nav class=\"navigation post-navigation\" aria-label=\"Yaz\u0131lar\">\n<h2 class=\"screen-reader-text\">Yaz\u0131 gezinmesi<\/h2>\n<div class=\"nav-links\"><\/div>\n<\/nav>\n<div id=\"comments\" class=\"comments-area\">\n<div id=\"respond\" class=\"comment-respond\"><\/div>\n<\/div>\n<p><\/main><\/p>\n<aside id=\"secondary\" class=\"widget-area\">\n<section id=\"block-2\" class=\"widget widget_block widget_search\">\n<form class=\"wp-block-search__button-outside wp-block-search__text-button wp-block-search\" role=\"search\" action=\"https:\/\/www.makinecitv.com\/\" method=\"get\">\n<div class=\"wp-block-search__inside-wrapper \"><\/div>\n<\/form>\n<\/section>\n<section id=\"block-6\" class=\"widget widget_block\">\n<div class=\"wp-block-group\">\n<div class=\"wp-block-group__inner-container is-layout-flow wp-block-group-is-layout-flow\">\n<figure class=\"wp-block-image size-full is-resized\"><img loading=\"lazy\" decoding=\"async\" class=\"wp-image-1407\" src=\"https:\/\/www.makinecitv.com\/wp-content\/uploads\/2023\/01\/whatsapp-tel.png\" sizes=\"auto, (max-width: 466px) 100vw, 466px\" srcset=\"https:\/\/www.makinecitv.com\/wp-content\/uploads\/2023\/01\/whatsapp-tel.png 466w, https:\/\/www.makinecitv.com\/wp-content\/uploads\/2023\/01\/whatsapp-tel-300x129.png 300w\" alt=\"\" width=\"466\" height=\"200\" \/><\/figure>\n<\/div>\n<\/div>\n<\/section>\n<\/aside>\n<\/div>\n<\/div>\n<\/div>\n<\/div>\n<div id=\"monica-content-root\" class=\"monica-widget\">\n<div>\n<div class=\"_monica-theme-d2f2b383 root-container-UmvGjM markdown-font-size-provider-3KSWBx sidebar-ZRQNut\" lang=\"tr\" translate=\"no\">\n<div class=\"content-root-WCIiJJ\">\n<div class=\"grammar-check-2yjmU8 _monica-theme-d2f2b383\"><\/div>\n<div class=\"code-tool-root-PumYm1\">\n<div class=\"close-btn-wrapper-2Z1Sgl\">\n<div class=\"close-icon-5-Vv4f\"><\/div>\n<\/div>\n<\/div>\n<\/div>\n<\/div>\n<\/div>\n<\/div>\n","protected":false},"excerpt":{"rendered":"<p>\u00dcst d\u00fczey kontrol sistemleri ve enerji verimlili\u011fiyle \u00f6ne \u00e7\u0131kan makinelerimizden Formeka SR 965 Termoform Makinesi; kal\u0131p \u00f6l\u00e7\u00fclerini 900 mm x 650 mm\u2019 ye kadar b\u00fcy\u00fcterek kapasite art\u0131\u015f\u0131n\u0131za yard\u0131mc\u0131 olacak bir se\u00e7enektir. Kullan\u0131c\u0131 dostu yaz\u0131l\u0131m ile donat\u0131lm\u0131\u015f olan makinelerimizden Formeka SR 965 tek kullan\u0131ml\u0131k plastik kap sekt\u00f6r\u00fcne etkili bir \u00e7\u00f6z\u00fcm sunmaktad\u0131r. Benzer modellere g\u00f6re uzat\u0131lm\u0131\u015f \u0131s\u0131t\u0131c\u0131 [&hellip;]<\/p>\n","protected":false},"featured_media":1132,"comment_status":"open","ping_status":"closed","template":"","meta":[],"product_cat":[46],"product_tag":[],"class_list":{"0":"post-1130","1":"product","2":"type-product","3":"status-publish","4":"has-post-thumbnail","6":"product_cat-termomak-makineleri","8":"first","9":"instock","10":"shipping-taxable","11":"product-type-simple"},"_links":{"self":[{"href":"https:\/\/b2b.turkeyexpotrade.com\/index.php?rest_route=\/wp\/v2\/product\/1130","targetHints":{"allow":["GET"]}}],"collection":[{"href":"https:\/\/b2b.turkeyexpotrade.com\/index.php?rest_route=\/wp\/v2\/product"}],"about":[{"href":"https:\/\/b2b.turkeyexpotrade.com\/index.php?rest_route=\/wp\/v2\/types\/product"}],"replies":[{"embeddable":true,"href":"https:\/\/b2b.turkeyexpotrade.com\/index.php?rest_route=%2Fwp%2Fv2%2Fcomments&post=1130"}],"wp:featuredmedia":[{"embeddable":true,"href":"https:\/\/b2b.turkeyexpotrade.com\/index.php?rest_route=\/wp\/v2\/media\/1132"}],"wp:attachment":[{"href":"https:\/\/b2b.turkeyexpotrade.com\/index.php?rest_route=%2Fwp%2Fv2%2Fmedia&parent=1130"}],"wp:term":[{"taxonomy":"product_cat","embeddable":true,"href":"https:\/\/b2b.turkeyexpotrade.com\/index.php?rest_route=%2Fwp%2Fv2%2Fproduct_cat&post=1130"},{"taxonomy":"product_tag","embeddable":true,"href":"https:\/\/b2b.turkeyexpotrade.com\/index.php?rest_route=%2Fwp%2Fv2%2Fproduct_tag&post=1130"}],"curies":[{"name":"wp","href":"https:\/\/api.w.org\/{rel}","templated":true}]}}