{"id":1182,"date":"2025-07-28T19:03:55","date_gmt":"2025-07-28T16:03:55","guid":{"rendered":"https:\/\/b2b.turkeyexpotrade.com\/?post_type=product&#038;p=1182"},"modified":"2025-07-28T19:14:47","modified_gmt":"2025-07-28T16:14:47","slug":"drone","status":"publish","type":"product","link":"https:\/\/b2b.turkeyexpotrade.com\/?product=drone","title":{"rendered":"Drone"},"content":{"rendered":"<div class=\" bt_bb_row_inner\" data-bb-version=\"5.0.5\" data-bt-override-class=\"{}\" data-structure=\"12\">\n<div class=\"bt_bb_row_inner_holder\">\n<div class=\"bt_bb_column_inner col-xxl-12 col-xl-12 col-xs-12 col-sm-12 col-md-12 col-lg-12 bt_bb_align_left bt_bb_vertical_align_top\" data-bb-version=\"5.0.5\" data-width=\"12\" data-bt-override-class=\"{}\">\n<div class=\"bt_bb_column_inner_content\">\n<header class=\"bt_bb_headline bt_bb_dash_none bt_bb_size_small bt_bb_align_left\" data-bb-version=\"5.0.5\" data-bt-override-class=\"{&quot;bt_bb_size_&quot;:{&quot;current_class&quot;:&quot;bt_bb_size_small&quot;,&quot;xxl&quot;:&quot;small&quot;},&quot;bt_bb_align_&quot;:{&quot;current_class&quot;:&quot;bt_bb_align_left&quot;,&quot;xxl&quot;:&quot;left&quot;}}\"><\/header>\n<div class=\"bt_bb_separator bt_bb_border_style_none bt_bb_top_spacing_small bt_bb_bottom_spacing_small\" data-bb-version=\"5.0.5\" data-bt-override-class=\"{&quot;bt_bb_top_spacing_&quot;:{&quot;current_class&quot;:&quot;bt_bb_top_spacing_small&quot;,&quot;xxl&quot;:&quot;small&quot;},&quot;bt_bb_bottom_spacing_&quot;:{&quot;current_class&quot;:&quot;bt_bb_bottom_spacing_small&quot;,&quot;xxl&quot;:&quot;small&quot;}}\"><\/div>\n<\/div>\n<\/div>\n<\/div>\n<\/div>\n<div class=\" bt_bb_row_inner\" data-bb-version=\"5.0.5\" data-bt-override-class=\"{}\" data-structure=\"12\">\n<div class=\"bt_bb_row_inner_holder\">\n<div class=\"bt_bb_column_inner col-xxl-12 col-xl-12 col-xs-12 col-sm-12 col-md-12 col-lg-12 bt_bb_align_left bt_bb_vertical_align_top\" data-bb-version=\"5.0.5\" data-width=\"12\" data-bt-override-class=\"{}\">\n<div class=\"bt_bb_column_inner_content\">\n<header class=\"bt_bb_headline bt_bb_dash_none bt_bb_size_small bt_bb_align_left\" data-bb-version=\"5.0.5\" data-bt-override-class=\"{&quot;bt_bb_size_&quot;:{&quot;current_class&quot;:&quot;bt_bb_size_small&quot;,&quot;xxl&quot;:&quot;small&quot;},&quot;bt_bb_align_&quot;:{&quot;current_class&quot;:&quot;bt_bb_align_left&quot;,&quot;xxl&quot;:&quot;left&quot;}}\">\n<h6 class=\"bt_bb_headline_tag\"><span class=\"bt_bb_headline_content\">A\u00c7IKLAMA<\/span><\/h6>\n<\/header>\n<div class=\"bt_bb_text\" data-bb-version=\"5.0.5\">\n<p>Bu drone, sa\u011flam bir y\u00fck kapasitesi ve geli\u015fmi\u015f 360 derece d\u00f6nen silah teknolojisine sahip, y\u00fcksek performansl\u0131 askeri operasyonlar i\u00e7in tasarlanm\u0131\u015ft\u0131r. \u00c7ok y\u00f6nl\u00fc olacak \u015fekilde tasarlanm\u0131\u015ft\u0131r, \u00e7ok \u00e7e\u015fitli askeri g\u00f6revleri hassasiyet ve verimlilikle yerine getirebilmektedir. Uzun u\u00e7u\u015f s\u00fcresi ve uzun mesafelerde \u00e7al\u0131\u015fabilme yetene\u011fi ile bu drone, karma\u015f\u0131k, uzun menzilli g\u00f6revler i\u00e7in olduk\u00e7a uygundur. Ba\u015fl\u0131ca g\u00fc\u00e7l\u00fc y\u00f6nlerinden biri, monte edilmi\u015f silah\u0131n\u0131 ate\u015flerken sa\u011flad\u0131\u011f\u0131 istikrar ve etkililiktir, zorlu ko\u015fullarda bile do\u011fru ve kontroll\u00fc vuru\u015flar sa\u011flar. A\u011f\u0131r y\u00fck kapasitesi, geli\u015fmi\u015f silah sistemleri ve uzun menzilli operasyonel yeteneklerin bu kombinasyonu, bu drone\u2019u modern askeri operasyonlar i\u00e7in olmazsa olmaz bir ara\u00e7 haline getirir.<\/p>\n<\/div>\n<\/div>\n<\/div>\n<\/div>\n<\/div>\n","protected":false},"excerpt":{"rendered":"<p>Bu drone, sa\u011flam bir y\u00fck kapasitesi ve geli\u015fmi\u015f 360 derece d\u00f6nen silah teknolojisine sahip, y\u00fcksek performansl\u0131 askeri operasyonlar i\u00e7in tasarlanm\u0131\u015ft\u0131r. \u00c7ok y\u00f6nl\u00fc olacak \u015fekilde tasarlanm\u0131\u015ft\u0131r,<\/p>\n<div class=\" bt_bb_row_inner\" data-bb-version=\"5.0.5\" data-bt-override-class=\"{}\" data-structure=\"12\">\n<div class=\"bt_bb_row_inner_holder\">\n<div class=\"bt_bb_column_inner col-xxl-12 col-xl-12 col-xs-12 col-sm-12 col-md-12 col-lg-12 bt_bb_align_left bt_bb_vertical_align_top\" data-bb-version=\"5.0.5\" data-width=\"12\" data-bt-override-class=\"{}\">\n<div class=\"bt_bb_column_inner_content\">\n<header class=\"bt_bb_headline bt_bb_dash_none bt_bb_size_small bt_bb_align_left\" data-bb-version=\"5.0.5\" data-bt-override-class=\"{&quot;bt_bb_size_&quot;:{&quot;current_class&quot;:&quot;bt_bb_size_small&quot;,&quot;xxl&quot;:&quot;small&quot;},&quot;bt_bb_align_&quot;:{&quot;current_class&quot;:&quot;bt_bb_align_left&quot;,&quot;xxl&quot;:&quot;left&quot;}}\">\n<h6 class=\"bt_bb_headline_tag\"><span class=\"bt_bb_headline_content\">TEKN\u0130K \u00d6ZELL\u0130KLER<\/span><\/h6>\n<\/header>\n<div class=\"bt_bb_separator bt_bb_border_style_none bt_bb_top_spacing_small bt_bb_bottom_spacing_small\" data-bb-version=\"5.0.5\" data-bt-override-class=\"{&quot;bt_bb_top_spacing_&quot;:{&quot;current_class&quot;:&quot;bt_bb_top_spacing_small&quot;,&quot;xxl&quot;:&quot;small&quot;},&quot;bt_bb_bottom_spacing_&quot;:{&quot;current_class&quot;:&quot;bt_bb_bottom_spacing_small&quot;,&quot;xxl&quot;:&quot;small&quot;}}\"><\/div>\n<\/div>\n<\/div>\n<\/div>\n<\/div>\n<div class=\" bt_bb_row_inner\" data-bb-version=\"5.0.5\" data-bt-override-class=\"{}\" data-structure=\"12\">\n<div class=\"bt_bb_row_inner_holder\">\n<div class=\"bt_bb_column_inner col-xxl-12 col-xl-12 col-xs-12 col-sm-12 col-md-12 col-lg-12 bt_bb_align_left bt_bb_vertical_align_top\" data-bb-version=\"5.0.5\" data-width=\"12\" data-bt-override-class=\"{}\">\n<div class=\"bt_bb_column_inner_content\">\n<div class=\"bt_bb_raw_content\">\n<table>\n<tbody>\n<tr>\n<td><img decoding=\"async\" src=\"https:\/\/veilox.com.tr\/wp-content\/uploads\/2024\/08\/01.png\" \/><\/td>\n<td>\n<table>\n<tbody>\n<tr>\n<td>U\u00c7U\u015e S\u00dcRES\u0130<\/td>\n<\/tr>\n<tr>\n<td>60 MIN<\/td>\n<\/tr>\n<\/tbody>\n<\/table>\n<\/td>\n<td><img decoding=\"async\" src=\"https:\/\/veilox.com.tr\/wp-content\/uploads\/2024\/08\/02.png\" \/><\/td>\n<td>\n<table>\n<tbody>\n<tr>\n<td>MESAFE<\/td>\n<\/tr>\n<tr>\n<td>50 KM<\/td>\n<\/tr>\n<\/tbody>\n<\/table>\n<\/td>\n<\/tr>\n<tr>\n<td colspan=\"4\"><\/td>\n<\/tr>\n<tr>\n<td><img decoding=\"async\" src=\"https:\/\/veilox.com.tr\/wp-content\/uploads\/2024\/08\/03.png\" \/><\/td>\n<td>\n<table>\n<tbody>\n<tr>\n<td>FAYDALI Y\u00dcK<\/td>\n<\/tr>\n<tr>\n<td>30 KG<\/td>\n<\/tr>\n<\/tbody>\n<\/table>\n<\/td>\n<td><img decoding=\"async\" src=\"https:\/\/veilox.com.tr\/wp-content\/uploads\/2024\/08\/04.png\" \/><\/td>\n<td>\n<table>\n<tbody>\n<tr>\n<td>KALKI\u015e A\u011eIRLI\u011eI<\/td>\n<\/tr>\n<tr>\n<td>65 KG<\/td>\n<\/tr>\n<\/tbody>\n<\/table>\n<\/td>\n<\/tr>\n<\/tbody>\n<\/table>\n<\/div>\n<\/div>\n<\/div>\n<\/div>\n<\/div>\n","protected":false},"featured_media":1183,"comment_status":"open","ping_status":"closed","template":"","meta":[],"product_cat":[146,34],"product_tag":[],"class_list":{"0":"post-1182","1":"product","2":"type-product","3":"status-publish","4":"has-post-thumbnail","6":"product_cat-drone","7":"product_cat-savunma-sanayi","9":"first","10":"instock","11":"shipping-taxable","12":"product-type-simple"},"_links":{"self":[{"href":"https:\/\/b2b.turkeyexpotrade.com\/index.php?rest_route=\/wp\/v2\/product\/1182","targetHints":{"allow":["GET"]}}],"collection":[{"href":"https:\/\/b2b.turkeyexpotrade.com\/index.php?rest_route=\/wp\/v2\/product"}],"about":[{"href":"https:\/\/b2b.turkeyexpotrade.com\/index.php?rest_route=\/wp\/v2\/types\/product"}],"replies":[{"embeddable":true,"href":"https:\/\/b2b.turkeyexpotrade.com\/index.php?rest_route=%2Fwp%2Fv2%2Fcomments&post=1182"}],"wp:featuredmedia":[{"embeddable":true,"href":"https:\/\/b2b.turkeyexpotrade.com\/index.php?rest_route=\/wp\/v2\/media\/1183"}],"wp:attachment":[{"href":"https:\/\/b2b.turkeyexpotrade.com\/index.php?rest_route=%2Fwp%2Fv2%2Fmedia&parent=1182"}],"wp:term":[{"taxonomy":"product_cat","embeddable":true,"href":"https:\/\/b2b.turkeyexpotrade.com\/index.php?rest_route=%2Fwp%2Fv2%2Fproduct_cat&post=1182"},{"taxonomy":"product_tag","embeddable":true,"href":"https:\/\/b2b.turkeyexpotrade.com\/index.php?rest_route=%2Fwp%2Fv2%2Fproduct_tag&post=1182"}],"curies":[{"name":"wp","href":"https:\/\/api.w.org\/{rel}","templated":true}]}}