{"id":219,"date":"2025-01-12T18:11:13","date_gmt":"2025-01-12T15:11:13","guid":{"rendered":"https:\/\/b2b.turkeyexpotrade.com\/?post_type=product&#038;p=219"},"modified":"2025-01-12T19:24:54","modified_gmt":"2025-01-12T16:24:54","slug":"evsel-ve-endustriyel-deterjan-urun-gruplari","status":"publish","type":"product","link":"https:\/\/b2b.turkeyexpotrade.com\/?product=evsel-ve-endustriyel-deterjan-urun-gruplari","title":{"rendered":"Evsel Ve End\u00fcstriyel Deterjan \u00dcr\u00fcn Gruplar\u0131"},"content":{"rendered":"<p>Market temizlik \u00fcr\u00fcnleri<\/p>\n<p>&nbsp;<\/p>\n<p><a href=\"https:\/\/b2b.turkeyexpotrade.com\/ekatalog\/Market-Katalog.pdf\"><img loading=\"lazy\" decoding=\"async\" class=\"size-full wp-image-184 aligncenter\" src=\"https:\/\/b2b.turkeyexpotrade.com\/wp-content\/uploads\/2025\/01\/e-katalogumuz.png\" alt=\"\" width=\"232\" height=\"136\" \/><\/a><\/p>\n","protected":false},"excerpt":{"rendered":"<p>Market temizlik \u00fcr\u00fcnleri<\/p>\n","protected":false},"featured_media":220,"comment_status":"open","ping_status":"closed","template":"","meta":[],"product_cat":[15],"product_tag":[],"class_list":{"0":"post-219","1":"product","2":"type-product","3":"status-publish","4":"has-post-thumbnail","6":"product_cat-genel","8":"first","9":"instock","10":"shipping-taxable","11":"purchasable","12":"product-type-simple"},"_links":{"self":[{"href":"https:\/\/b2b.turkeyexpotrade.com\/index.php?rest_route=\/wp\/v2\/product\/219","targetHints":{"allow":["GET"]}}],"collection":[{"href":"https:\/\/b2b.turkeyexpotrade.com\/index.php?rest_route=\/wp\/v2\/product"}],"about":[{"href":"https:\/\/b2b.turkeyexpotrade.com\/index.php?rest_route=\/wp\/v2\/types\/product"}],"replies":[{"embeddable":true,"href":"https:\/\/b2b.turkeyexpotrade.com\/index.php?rest_route=%2Fwp%2Fv2%2Fcomments&post=219"}],"wp:featuredmedia":[{"embeddable":true,"href":"https:\/\/b2b.turkeyexpotrade.com\/index.php?rest_route=\/wp\/v2\/media\/220"}],"wp:attachment":[{"href":"https:\/\/b2b.turkeyexpotrade.com\/index.php?rest_route=%2Fwp%2Fv2%2Fmedia&parent=219"}],"wp:term":[{"taxonomy":"product_cat","embeddable":true,"href":"https:\/\/b2b.turkeyexpotrade.com\/index.php?rest_route=%2Fwp%2Fv2%2Fproduct_cat&post=219"},{"taxonomy":"product_tag","embeddable":true,"href":"https:\/\/b2b.turkeyexpotrade.com\/index.php?rest_route=%2Fwp%2Fv2%2Fproduct_tag&post=219"}],"curies":[{"name":"wp","href":"https:\/\/api.w.org\/{rel}","templated":true}]}}