{"id":320,"date":"2025-01-15T00:12:23","date_gmt":"2025-01-14T21:12:23","guid":{"rendered":"https:\/\/b2b.turkeyexpotrade.com\/?post_type=product&#038;p=320"},"modified":"2025-01-31T23:10:39","modified_gmt":"2025-01-31T20:10:39","slug":"nevresim-takimi","status":"publish","type":"product","link":"https:\/\/b2b.turkeyexpotrade.com\/?product=nevresim-takimi","title":{"rendered":"Nevresim Tak\u0131m\u0131"},"content":{"rendered":"<h5 style=\"font-weight: 500;\">Devin \u00a0Jakarl\u0131 Yatak \u00d6rt\u00fcs\u00fc\u00a0 Tak\u0131m\u0131 malzemesiyle ve\u00a0\u00a0e\u015fsiz g\u00fczelli\u011fini ve konforunu yata\u011f\u0131n\u0131za ta\u015f\u0131yor. deseni ve renkleri ile g\u00f6z kama\u015ft\u0131ran\u00a0 Devin Yatak \u00d6rt\u00fcs\u00fc Tak\u0131m\u0131, yatak odan\u0131z\u0131n \u015f\u0131kl\u0131\u011f\u0131n\u0131 tamaml\u0131yor.<\/h5>\n<h5 style=\"font-weight: 500;\"><\/h5>\n<h5 style=\"font-weight: 500;\"><b><strong><u>Renk :<\/u><\/strong><\/b><\/h5>\n<h5 style=\"font-weight: 500;\"><b><strong>Gri<br \/>\nBej<br \/>\nAntrasit<br \/>\nG\u00fcl Kurusu<br \/>\nPudra<\/strong><\/b><\/h5>\n<h5 style=\"font-weight: 500;\"><\/h5>\n<h4 style=\"font-weight: 500;\"><b><strong>\u00dcr\u00fcn \u0130\u00e7eri\u011fi &#8211;\u00a0<\/strong><\/b><\/h4>\n<h5 style=\"font-weight: 500;\">Pano Jakar Dokuma Soft \u015e\u00f6nil Kuma\u015f<\/h5>\n<p>Yatak \u00d6rt\u00fcs\u00fc %100 Polyester<\/p>\n<p>T\u00fcrkiye\u2019 de \u00dcretilmi\u015ftir.<\/p>\n<h4 style=\"font-weight: 500;\"><b><strong>\u00c7ift Ki\u015filik\u00a0<\/strong><\/b><\/h4>\n<p style=\"font-weight: 400;\">Yatak \u00d6rt\u00fcs\u00fc \/ 240\u00d7260 cm (1)<\/p>\n<p style=\"font-weight: 400;\">Volanl\u0131 Yast\u0131k K\u0131l\u0131f\u0131 \/ 65\u00d775 cm (2)<\/p>\n<h4 style=\"font-weight: 500;\"><b><strong>Tek K\u0130\u015e\u0130L\u0130K<\/strong><\/b><\/h4>\n<p style=\"font-weight: 400;\">Yatak \u00d6rt\u00fcs\u00fc \/ 180\u00d7240 cm (1)<\/p>\n<p style=\"font-weight: 400;\">Volanl\u0131 Yast\u0131k K\u0131l\u0131f\u0131 \/ 65\u00d775 cm (1)<\/p>\n<h4 style=\"font-weight: 500;\"><b><strong>\u00a0\u00dcr\u00fcn uzun \u00f6m\u00fcrl\u00fc kullan\u0131m\u0131 i\u00e7in ;\u00dcr\u00fcnlerinizi y\u0131karken s\u0131v\u0131 deterjan kullan\u0131n\u0131z.<\/strong><\/b><\/h4>\n<h6 style=\"font-weight: 500;\">\u00dcr\u00fcn\u00fc y\u0131kamadan \u00f6nce ters y\u00fcz ediniz.<br \/>\n\u00c7ama\u015f\u0131r makinas\u0131nda y\u0131kanabilir. (Maksimum 30 ila 40 derece aras\u0131nda y\u0131kay\u0131n\u0131z.)<br \/>\nY\u0131kamadan sonra \u00fcr\u00fcn\u00fc makinede bekletmeyiniz.<br \/>\nSererek kurutunuz. (Kurutma makinas\u0131 kullan\u0131m\u0131na uygundur.)<br \/>\n\u00dct\u00fc kullan\u0131ma uygundur. (Il\u0131k derecede \u00fct\u00fcleyiniz.)<br \/>\n\u00c7ama\u015f\u0131r suyu kullanmay\u0131n\u0131z.<\/h6>\n<h4 style=\"font-weight: 500;\"><b><strong>Yatak \u00d6rt\u00fcs\u00fc \u00c7e\u015fitleri<\/strong><\/b><\/h4>\n<h6 style=\"font-weight: 500;\">Binlerce kullan\u0131c\u0131n zevkine uygun olarak tasarlanm\u0131\u015f pek \u00e7ok yatak \u00f6rt\u00fcs\u00fc bulunmaktad\u0131r. Kaliteli ve zengin renk se\u00e7enekleriyle odalar\u0131n\u0131zda ho\u015f bir g\u00f6r\u00fcnt\u00fc olu\u015fturan yatak \u00f6rt\u00fcleri \u00f6zellikle bej, pudra, mavi, mor ve gri yatak \u00f6rt\u00fcs\u00fc se\u00e7enekleri ile \u00f6ne \u00e7\u0131kmaktad\u0131r. Bohem desenler, geometrik ve modern desenlerin bulundu\u011fu yatak \u00f6rt\u00fcleri de \u00f6ne \u00e7\u0131kan yatak \u00f6rt\u00fcs\u00fc modelleri aras\u0131ndad\u0131r. Desen, bask\u0131 ve i\u015flemelerle \u00e7e\u015fitlendirilmi\u015f olan yatak \u00f6rt\u00fcleri, farkl\u0131 iplikler kullan\u0131larak \u00fcretilebilmektedir. Y\u00fczde y\u00fcz pamuk, polyester, pamuk ve polyester kar\u0131\u015f\u0131ml\u0131 ya da pamuk, polyester ve akrilik kar\u0131\u015f\u0131ml\u0131 yatak \u00f6rt\u00fcs\u00fc \u00e7e\u015fitleri farkl\u0131 kullan\u0131mlara uygun olarak \u00e7e\u015fitlenebilmektedir. Y\u00fczde y\u00fcz pamuklu yatak \u00f6rt\u00fclerini \u00f6zellikle k\u0131\u015f aylar\u0131nda yatak odan\u0131zda kullanarak s\u0131cak bir uyku \u00e7ekebilirsiniz. Sa\u011fl\u0131kl\u0131 bir kuma\u015f alternatifi olan y\u00fczde y\u00fcz pamuklu kuma\u015flar\u0131n kullan\u0131ld\u0131\u011f\u0131 yatak \u00f6rt\u00fclerini cildinizin direkt temas edece\u011fi yata\u011f\u0131n\u0131zda kullanabilirsiniz. Teri emme \u00f6zelli\u011fine sahip olan pamuklu yatak \u00f6rt\u00fcleri ile v\u00fccut \u0131s\u0131n\u0131z\u0131 koruyarak rahatl\u0131kla uyuyabilirsiniz. Uyku kalitenizi art\u0131rabilir, g\u00fcne daha enerjik bir ba\u015flang\u0131\u00e7 yapabilirsiniz. Polyester kar\u0131\u015f\u0131ml\u0131 olan yatak \u00f6rt\u00fclerini \u00f6zellikle k\u0131\u015f aylar\u0131nda ve havalar\u0131n so\u011fuk oldu\u011fu g\u00fcnlerde kullanmay\u0131 tercih edebilirsiniz. Polyester dayan\u0131kl\u0131 bir ipliktir ve kolayca deforme olmaz. Dolay\u0131s\u0131yla polyester kar\u0131\u015f\u0131ml\u0131 \u00fcr\u00fcnler daha uzun y\u0131llar sizlerle kalabilir ve daha ekonomik bir tercih olabilir. Akrilik kar\u0131\u015f\u0131ml\u0131 olan yatak \u00f6rt\u00fcleri ise leke tutmama \u00f6zelli\u011fi ile bilinirler. Akrilik yap\u0131s\u0131 gere\u011fi kolay temizlenen ve leke tutmayan bir kuma\u015f t\u00fc<b><strong>r\u00fcd\u00fcr. Akrilik kar\u0131\u015f\u0131ml\u0131 yatak \u00fcr\u00fcnlerini leke tutmamas\u0131 gibi \u00f6zelliklerinden faydalanmak i\u00e7in tercih edebilirsiniz. Ayn\u0131 zamanda s\u0131cak tutma konusunda da olduk\u00e7a ba\u015far\u0131l\u0131 olan akrilik kuma\u015flar\u0131n kullan\u0131ld\u0131\u011f\u0131 yatak \u00f6rt\u00fclerini, yatak odan\u0131z d\u0131\u015f\u0131nda oturma odalar\u0131n\u0131zda da tercih edebilirsiniz. D\u00f6rt mevsim rahatl\u0131kla kullan\u0131labilen yatak \u00f6rt\u00fcleri ile konforunuzu sa\u011flayabilirsiniz. Yatak odalar\u0131n\u0131zda kullanaca\u011f\u0131n\u0131z yatak \u00f6rt\u00fclerini yatak \u00f6rt\u00fcs\u00fc tak\u0131m\u0131 olarak tercih edebilirsiniz. Yatak \u00f6rt\u00fcs\u00fc tak\u0131mlar\u0131 birbiri ilke uyumlu par\u00e7alardan olu\u015fur. Yatak \u00f6rt\u00fcs\u00fc tak\u0131m\u0131 \u015feklinde tercih ederek odan\u0131z\u0131n havas\u0131n\u0131 tamamen de\u011fi\u015ftirebilirsiniz. Sade veya i\u015flemeli modelleri olduk\u00e7a pop\u00fcler olan yatak \u00f6rt\u00fcs\u00fc tak\u0131mlar\u0131n\u0131 kullanarak odan\u0131zda \u015f\u0131k ve klasik bir g\u00f6r\u00fcnt\u00fc elde e<\/strong><\/b>debilirsiniz. \u00d6zellikle \u00e7ift ki\u015filik modelleri ile \u00f6n plana \u00e7\u0131kan yatak \u00f6rt\u00fcs\u00fc tak\u0131mlar\u0131n\u0131n tek ki\u015filik yataklara uygun olan modellerini de de\u011ferlendirebilirsiniz. .<\/h6>\n<h4 style=\"font-weight: 500;\"><b><strong>\u00c7ift Ki\u015filik Yatak \u00d6rt\u00fcs\u00fc<\/strong><\/b><\/h4>\n<h6 style=\"font-weight: 500;\">Y\u00fczlerce farkl\u0131 model ile yatak odalar\u0131n\u0131z\u0131n estetik bir g\u00f6r\u00fcnt\u00fcye kavu\u015fmas\u0131na yard\u0131mc\u0131 olan yatak \u00f6rt\u00fclerinin \u00e7ift ki\u015filik yatak \u00f6l\u00e7\u00fcleri uyumlu alternatifleri bulunmaktad\u0131r. Pamuk, polyester ve akrilik kar\u0131\u015f\u0131ml\u0131 kuma\u015flardan \u00fcretilen yatak \u00f6rt\u00fcs\u00fc \u00e7ift ki\u015filik se\u00e7enekleri \u00e7e\u015fitlendirilmi\u015ftir. Renkli, desenli, bask\u0131l\u0131 ya da i\u015flemeli \u00e7e\u015fitleri ile pek \u00e7ok kullan\u0131c\u0131n\u0131n kullanmaktan vazge\u00e7emedi\u011fi yatak odas\u0131 tekstil \u00fcr\u00fcnleri aras\u0131nda yatak \u00f6rt\u00fcleri ilk s\u0131ralardad\u0131r. Y\u00fczde y\u00fcz pamuk kuma\u015ftan \u00fcretilen \u00e7ift ki\u015filik yatak \u00f6rt\u00fcleri \u00f6zellikle k\u0131\u015f aylar\u0131nda yatak odas\u0131nda kullan\u0131lmaktad\u0131r. V\u00fccudu s\u0131cak tutmaya yard\u0131mc\u0131 olan pamuklu yatak \u00f6rt\u00fcleri, sa\u011fl\u0131kl\u0131 alternatiflerdir. Se\u00e7ece\u011finiz yatak \u00f6rt\u00fclerini yaln\u0131zca k\u0131\u015f\u0131n de\u011fil, yaz aylar\u0131nda da serin gecelerde \u00fcst\u00fcn\u00fcze alabilirsiniz. Konforlu bir uyku deneyimi ya\u015fayabilirsiniz. Birbiriyle uyumlu renklerdeki yatak \u00f6rt\u00fclerini birlikte kullanabilirsiniz. D\u00fcz se\u00e7enekleri minimal g\u00f6r\u00fcnt\u00fcleri seven kullan\u0131c\u0131lar taraf\u0131ndan tercih edilirken desenli olan alternatifler renkli g\u00f6r\u00fcnt\u00fcleri seven kullan\u0131c\u0131lar\u0131n dikkatini \u00e7ekmektedir. \u00c7ift ki\u015filik yatak \u00f6rt\u00fcleri \u00f6zellikle yatak \u00f6rt\u00fcs\u00fc seti olarak tercih edilmektedir. Birbiriyle olduk\u00e7a uyumlu par\u00e7alar\u0131n bir arada bulundu\u011fu yatak \u00f6rt\u00fcs\u00fc setleri, yatak odas\u0131nda olduk\u00e7a \u015f\u0131k bir g\u00f6r\u00fcnt\u00fc olu\u015fturmaktad\u0131r. Yatak \u00f6rt\u00fcs\u00fc se\u00e7erken set olarak tercih edebilir ve yata\u011f\u0131n\u0131zda estetik bir uyum olu\u015fturabilirsiniz. Geometrik desenli olan se\u00e7enekleriyle klasik bir hava yakalayabilir, romantik i\u015flemeli olan alternatiflerle odan\u0131zda zarif bir g\u00f6r\u00fcn\u00fcm olu\u015fturabilirsiniz. \u00c7ift ki\u015filik yatak \u00f6rt\u00fclerinin set olarak sizlere sunulan alternatiflerini \u00e7eyiz i\u00e7in d\u00fc\u015f\u00fcnebilirsiniz. Olduk\u00e7a \u015f\u0131k yatak \u00f6rt\u00fcs\u00fc se\u00e7enekleri aras\u0131ndan zevklerinize uygun olan yatak \u00f6rt\u00fcs\u00fc tak\u0131mlar\u0131n\u0131 de\u011ferlendirebilirsiniz. \u00c7ift ki\u015filik yatak \u00f6rt\u00fcs\u00fc \u00f6l\u00e7\u00fcs\u00fc yayg\u0131n olarak 250&#215;260 cm ebatlar\u0131ndad\u0131r. Bu \u00f6l\u00e7\u00fcler \u00e7ift ki\u015filik bir yata\u011f\u0131n y\u00fczeyini tamamen kapat\u0131r ve \u015f\u0131k bir g\u00f6r\u00fcn\u00fcm i\u00e7in etek k\u0131s\u0131mlar\u0131ndan yerlere d\u00f6k\u00fcl\u00fcr. Bu ebatlardaki bir \u00e7ift ki\u015filik yatak \u00f6rt\u00fcs\u00fc sizler i\u00e7in yeterli de\u011filse battal boy yatak \u00f6rt\u00fcs\u00fc se\u00e7eneklerine g\u00f6z atabilirsiniz. Yatak odas\u0131nda zengin bir g\u00f6r\u00fcnt\u00fc elde etmek i\u00e7in \u00e7ift ki\u015filik yatak \u00f6rt\u00fcs\u00fc se\u00e7eneklerinden faydalanabilirsiniz. \u00c7ift ki\u015filik yatak \u00f6rt\u00fcleri, sevdikleriniz i\u00e7in harika bir hediye alternatifi olabilir. Y\u00fczlerce yatak \u00f6rt\u00fcs\u00fc aras\u0131ndan sevdiklerinizin zevkine uygun olan yatak \u00f6rt\u00fcs\u00fcn\u00fc se\u00e7ebilir ve onlara hediye edebilirsiniz.<\/h6>\n<h4 style=\"font-weight: 500;\"><b><strong>Yatak \u00d6rt\u00fcs\u00fc Fiyatlar\u0131 Nas\u0131l?<\/strong><\/b><\/h4>\n<p style=\"font-weight: 400;\">Yatak \u00f6rt\u00fcs\u00fc fiyatlar\u0131 belli unsurlara ba\u011fl\u0131 olarak de\u011fi\u015fkenlik g\u00f6sterebilmektedir. Yatak \u00f6rt\u00fcs\u00fcn\u00fcn \u00fcretildi\u011fi materyal, \u00f6l\u00e7\u00fcs\u00fc, i\u00e7inde bulundu\u011fu koleksiyon gibi unsurlar fiyatlar\u0131 etkileyebilmektedir.<\/p>\n<h4 style=\"font-weight: 500;\"><b><strong>Yatak \u00d6rt\u00fcs\u00fc Se\u00e7erken Nelere Dikkat Edilmeli?<\/strong><\/b><\/h4>\n<p style=\"font-weight: 400;\">Yatak \u00f6rt\u00fcs\u00fc se\u00e7erken izleyece\u011finiz ilk ad\u0131m yatak \u00f6rt\u00fcs\u00fcn\u00fcn \u00f6l\u00e7\u00fcs\u00fc olabilir. \u0130kincisi ise yatak \u00f6rt\u00fcs\u00fcn\u00fcn hangi materyalden \u00fcretildi\u011fi. B\u00fct\u00e7enize ve zevkinize uygun olarak y\u00fczlerce \u00e7e\u015fit yatak \u00f6rt\u00fcs\u00fcnden se\u00e7im yapabilirsiniz.<\/p>\n<h4 style=\"font-weight: 500;\"><b><strong>Yatak \u00d6rt\u00fcs\u00fc Temizli\u011fi Nas\u0131l?<\/strong><\/b><\/h4>\n<p style=\"font-weight: 400;\">Yatak \u00f6rt\u00fcs\u00fc temizli\u011fi, yatak \u00f6rt\u00fcs\u00fcn\u00fcn \u00fcretiminde kullan\u0131lan kuma\u015f \u00f6zelliklerine ba\u011fl\u0131 olarak de\u011fi\u015febilir.\u00a0\u00c7apa Home\u00a0yatak \u00f6rt\u00fclerini uygun ko\u015fullarda \u00e7ama\u015f\u0131r makinesinde kolayca y\u0131kayabilirsiniz.<\/p>\n<p style=\"font-weight: 400;\"><b><strong>Yatak \u00d6rt\u00fcs\u00fc Tak\u0131m\u0131nda Neler Var?<\/strong><\/b><\/p>\n<p style=\"font-weight: 400;\">Yatak \u00f6rt\u00fcs\u00fc tak\u0131mlar\u0131ndaki par\u00e7a say\u0131s\u0131, tak\u0131mlar\u0131n ebatlar\u0131na g\u00f6re de\u011fi\u015fkenlik g\u00f6sterebilir. G\u00fcnl\u00fck kullanabilece\u011finiz bir tak\u0131mda yatak \u00f6rt\u00fcs\u00fc ve yast\u0131k k\u0131l\u0131f\u0131 bulunur. 10 par\u00e7al\u0131k bir tak\u0131mda ise yatak \u00f6rt\u00fcs\u00fc, yast\u0131k k\u0131l\u0131f\u0131, battaniye, nevresim ve \u00e7ar\u015faf bulunmaktad\u0131r<\/p>\n<p style=\"font-weight: 400;\">Kukuleta\u00a0Home yatak \u00f6rtt\u00fcs\u00fc \u00a0tak\u0131mlar\u0131 \u00e7ift ki\u015filik tek ki\u015filik modellerimizle\u00a0<a href=\"https:\/\/kukuletahome.com\/\">kukuletahome<\/a>\u00a0\u00a0\u0130nternet\u00a0\u00a0sitemizde veya\u00a0 \u0130nstagram sayfam\u0131zdan alabilirsiniz.<\/p>\n","protected":false},"excerpt":{"rendered":"<h5 style=\"font-weight: 500;\">Devin \u00a0Jakarl\u0131 Yatak \u00d6rt\u00fcs\u00fc\u00a0 Tak\u0131m\u0131 malzemesiyle ve\u00a0\u00a0e\u015fsiz g\u00fczelli\u011fini ve konforunu yata\u011f\u0131n\u0131za ta\u015f\u0131yor. deseni ve renkleri ile g\u00f6z kama\u015ft\u0131ran\u00a0 Devin Yatak \u00d6rt\u00fcs\u00fc Tak\u0131m\u0131, yatak odan\u0131z\u0131n \u015f\u0131kl\u0131\u011f\u0131n\u0131 tamaml\u0131yor.<\/h5>\n","protected":false},"featured_media":322,"comment_status":"open","ping_status":"closed","template":"","meta":[],"product_cat":[32],"product_tag":[],"class_list":{"0":"post-320","1":"product","2":"type-product","3":"status-publish","4":"has-post-thumbnail","6":"product_cat-ev-tekstil","8":"first","9":"instock","10":"shipping-taxable","11":"purchasable","12":"product-type-simple"},"_links":{"self":[{"href":"https:\/\/b2b.turkeyexpotrade.com\/index.php?rest_route=\/wp\/v2\/product\/320","targetHints":{"allow":["GET"]}}],"collection":[{"href":"https:\/\/b2b.turkeyexpotrade.com\/index.php?rest_route=\/wp\/v2\/product"}],"about":[{"href":"https:\/\/b2b.turkeyexpotrade.com\/index.php?rest_route=\/wp\/v2\/types\/product"}],"replies":[{"embeddable":true,"href":"https:\/\/b2b.turkeyexpotrade.com\/index.php?rest_route=%2Fwp%2Fv2%2Fcomments&post=320"}],"wp:featuredmedia":[{"embeddable":true,"href":"https:\/\/b2b.turkeyexpotrade.com\/index.php?rest_route=\/wp\/v2\/media\/322"}],"wp:attachment":[{"href":"https:\/\/b2b.turkeyexpotrade.com\/index.php?rest_route=%2Fwp%2Fv2%2Fmedia&parent=320"}],"wp:term":[{"taxonomy":"product_cat","embeddable":true,"href":"https:\/\/b2b.turkeyexpotrade.com\/index.php?rest_route=%2Fwp%2Fv2%2Fproduct_cat&post=320"},{"taxonomy":"product_tag","embeddable":true,"href":"https:\/\/b2b.turkeyexpotrade.com\/index.php?rest_route=%2Fwp%2Fv2%2Fproduct_tag&post=320"}],"curies":[{"name":"wp","href":"https:\/\/api.w.org\/{rel}","templated":true}]}}