{"id":328,"date":"2025-03-01T21:00:27","date_gmt":"2025-03-01T18:00:27","guid":{"rendered":"https:\/\/b2b.turkeyexpotrade.com\/?post_type=product&#038;p=328"},"modified":"2025-03-01T21:06:57","modified_gmt":"2025-03-01T18:06:57","slug":"camasir-yumasatici-4-lt","status":"publish","type":"product","link":"https:\/\/b2b.turkeyexpotrade.com\/?product=camasir-yumasatici-4-lt","title":{"rendered":"\u00c7ama\u015f\u0131r Yuma\u015fat\u0131c\u0131 4 LT"},"content":{"rendered":"<p>Statik elektriklenmeyi \u00f6nledi\u011finden \u00fct\u00fcde kolayl\u0131k sa\u011flar. Perdelerin toz tutmas\u0131n\u0131, dolay\u0131s\u0131yla \u00e7abuk kirlenmesini \u00f6nler. \u00c7ama\u015f\u0131rlar\u0131 yumu\u015fat\u0131r i\u00e7erdi\u011fi yo\u011fun esans\u0131 sayesinde ho\u015f ve \u00a0kal\u0131c\u0131 bir \u00a0koku b\u0131rak\u0131r.<\/p>\n<table width=\"394\">\n<tbody>\n<tr>\n<td width=\"115\">\u00dcR\u00dcN KODU<\/td>\n<td width=\"123\">SF1127<\/td>\n<\/tr>\n<tr>\n<td width=\"115\">\u00dcR\u00dcN BARKODU<\/td>\n<td width=\"123\">8683229940672<\/td>\n<\/tr>\n<tr>\n<td width=\"115\">B\u0130R\u0130M<\/td>\n<td width=\"123\">4 \u00a0Lt<\/td>\n<\/tr>\n<tr>\n<td width=\"115\">KOL\u0130 \u0130\u00c7ER\u0130K<\/td>\n<td width=\"123\">6 Adet<\/td>\n<\/tr>\n<\/tbody>\n<\/table>\n","protected":false},"excerpt":{"rendered":"<p>\u00d6zel form\u00fcl\u00fc sayesinde s\u00fcrekli y\u0131kama ve \u00e7alkalama sonucu \u00e7ama\u015f\u0131r dokular\u0131n\u0131n y\u0131pranmas\u0131n\u0131 \u00f6nler.<\/p>\n","protected":false},"featured_media":329,"comment_status":"open","ping_status":"closed","template":"","meta":[],"product_cat":[15],"product_tag":[],"class_list":{"0":"post-328","1":"product","2":"type-product","3":"status-publish","4":"has-post-thumbnail","6":"product_cat-genel","8":"first","9":"instock","10":"shipping-taxable","11":"product-type-external"},"_links":{"self":[{"href":"https:\/\/b2b.turkeyexpotrade.com\/index.php?rest_route=\/wp\/v2\/product\/328","targetHints":{"allow":["GET"]}}],"collection":[{"href":"https:\/\/b2b.turkeyexpotrade.com\/index.php?rest_route=\/wp\/v2\/product"}],"about":[{"href":"https:\/\/b2b.turkeyexpotrade.com\/index.php?rest_route=\/wp\/v2\/types\/product"}],"replies":[{"embeddable":true,"href":"https:\/\/b2b.turkeyexpotrade.com\/index.php?rest_route=%2Fwp%2Fv2%2Fcomments&post=328"}],"wp:featuredmedia":[{"embeddable":true,"href":"https:\/\/b2b.turkeyexpotrade.com\/index.php?rest_route=\/wp\/v2\/media\/329"}],"wp:attachment":[{"href":"https:\/\/b2b.turkeyexpotrade.com\/index.php?rest_route=%2Fwp%2Fv2%2Fmedia&parent=328"}],"wp:term":[{"taxonomy":"product_cat","embeddable":true,"href":"https:\/\/b2b.turkeyexpotrade.com\/index.php?rest_route=%2Fwp%2Fv2%2Fproduct_cat&post=328"},{"taxonomy":"product_tag","embeddable":true,"href":"https:\/\/b2b.turkeyexpotrade.com\/index.php?rest_route=%2Fwp%2Fv2%2Fproduct_tag&post=328"}],"curies":[{"name":"wp","href":"https:\/\/api.w.org\/{rel}","templated":true}]}}