{"id":334,"date":"2025-01-15T00:29:54","date_gmt":"2025-01-14T21:29:54","guid":{"rendered":"https:\/\/b2b.turkeyexpotrade.com\/?post_type=product&#038;p=334"},"modified":"2025-01-15T00:31:18","modified_gmt":"2025-01-14T21:31:18","slug":"genel-amacli-silikon-280gr","status":"publish","type":"product","link":"https:\/\/b2b.turkeyexpotrade.com\/?product=genel-amacli-silikon-280gr","title":{"rendered":"Genel Ama\u00e7l\u0131 Silikon 280gr"},"content":{"rendered":"<p>Genel Ama\u00e7l\u0131 Silikon, tek komponentli, nemle k\u00fcrle\u015fen asetoksi bazl\u0131 silikondur.<\/p>\n<ul>\n<li>Kolay uygulanabilir.<\/li>\n<li>UV \u0131\u015f\u0131nlar\u0131na ve y\u00fcksek \u0131s\u0131ya dayan\u0131kl\u0131d\u0131r, rengini muhafaza eder.<\/li>\n<li>G\u00f6zeneksiz y\u00fczeye m\u00fckemmel yap\u0131\u015fma g\u00f6sterir.<\/li>\n<\/ul>\n<div class=\"et_pb_module et_pb_text et_pb_text_0_tb_body et_pb_text_align_left et_pb_bg_layout_light\">\n<div class=\"et_pb_text_inner\">\u00dcR\u00dcN \u00d6ZELL\u0130KLER\u0130<\/div>\n<\/div>\n<div class=\"et_pb_module et_pb_text et_pb_text_1_tb_body et_pb_text_align_left et_pb_bg_layout_light\">\n<div class=\"et_pb_text_inner\">\n<div class=\"woocommerce et-dynamic-content-woo et-dynamic-content-woo--product_description\">\n<table width=\"356\">\n<tbody>\n<tr>\n<td width=\"170\">\u00dcr\u00fcn Tipi<\/td>\n<td width=\"186\">Silikon Polimer<\/td>\n<\/tr>\n<tr>\n<td>Polimerizasyon Sistemi<\/td>\n<td>Asetik<\/td>\n<\/tr>\n<tr>\n<td>Yo\u011funluk<\/td>\n<td>0.91-0.97 g\/ml &#8211; (TS 781-ISO 758)<\/td>\n<\/tr>\n<tr>\n<td>Sertlik<\/td>\n<td>15-20 Shore A(28. g\u00fcn)<\/td>\n<\/tr>\n<tr>\n<td>Y\u00fczey Kurumas\u0131<\/td>\n<td>11-12 min. (23\u00b0C and 50% R.H)<\/td>\n<\/tr>\n<tr>\n<td>K\u00fcrle\u015fme H\u0131z\u0131<\/td>\n<td>Min. 2 mm\/ G\u00fcn (23\u00b0C e 50% R.H)<\/td>\n<\/tr>\n<tr>\n<td>Kopma Dayan\u0131m\u0131<\/td>\n<td>1.8 N\/mm2 (ASTM D412)<\/td>\n<\/tr>\n<tr>\n<td>Kopma An\u0131nda Uzama<\/td>\n<td>\u2265 350% &#8211; (ASTM D 412)<\/td>\n<\/tr>\n<tr>\n<td>Akma<\/td>\n<td>0 mm &#8211; (ISO 7390)<\/td>\n<\/tr>\n<tr>\n<td>Uygulama S\u0131cakl\u0131\u011f\u0131<\/td>\n<td>5\u00b0C ile 40\u00b0C<\/td>\n<\/tr>\n<\/tbody>\n<\/table>\n<p>&nbsp;<\/p>\n<table width=\"444\">\n<tbody>\n<tr>\n<td width=\"170\">Renk<\/td>\n<td width=\"186\">Miktar<\/td>\n<td width=\"88\">Koli \u0130\u00e7i<\/td>\n<\/tr>\n<tr>\n<td>\u015eeffaf<\/td>\n<td>280 gr<\/td>\n<td>25<\/td>\n<\/tr>\n<tr>\n<td>Beyaz<\/td>\n<td>280 gr<\/td>\n<td>25<\/td>\n<\/tr>\n<tr>\n<td>Siyah<\/td>\n<td>280 gr<\/td>\n<td>25<\/td>\n<\/tr>\n<\/tbody>\n<\/table>\n<\/div>\n<\/div>\n<\/div>\n","protected":false},"excerpt":{"rendered":"<p>Genel Ama\u00e7l\u0131 Silikon, tek komponentli, nemle k\u00fcrle\u015fen asetoksi bazl\u0131 silikondur.<\/p>\n<ul>\n<li>Kolay uygulanabilir.<\/li>\n<li>UV \u0131\u015f\u0131nlar\u0131na ve y\u00fcksek \u0131s\u0131ya dayan\u0131kl\u0131d\u0131r, rengini muhafaza eder.<\/li>\n<li>G\u00f6zeneksiz y\u00fczeye m\u00fckemmel yap\u0131\u015fma g\u00f6sterir.<\/li>\n<\/ul>\n","protected":false},"featured_media":335,"comment_status":"open","ping_status":"closed","template":"","meta":[],"product_cat":[52,30],"product_tag":[],"class_list":{"0":"post-334","1":"product","2":"type-product","3":"status-publish","4":"has-post-thumbnail","6":"product_cat-hirdavat","7":"product_cat-insaat-malzemesi","9":"first","10":"instock","11":"shipping-taxable","12":"purchasable","13":"product-type-simple"},"_links":{"self":[{"href":"https:\/\/b2b.turkeyexpotrade.com\/index.php?rest_route=\/wp\/v2\/product\/334","targetHints":{"allow":["GET"]}}],"collection":[{"href":"https:\/\/b2b.turkeyexpotrade.com\/index.php?rest_route=\/wp\/v2\/product"}],"about":[{"href":"https:\/\/b2b.turkeyexpotrade.com\/index.php?rest_route=\/wp\/v2\/types\/product"}],"replies":[{"embeddable":true,"href":"https:\/\/b2b.turkeyexpotrade.com\/index.php?rest_route=%2Fwp%2Fv2%2Fcomments&post=334"}],"wp:featuredmedia":[{"embeddable":true,"href":"https:\/\/b2b.turkeyexpotrade.com\/index.php?rest_route=\/wp\/v2\/media\/335"}],"wp:attachment":[{"href":"https:\/\/b2b.turkeyexpotrade.com\/index.php?rest_route=%2Fwp%2Fv2%2Fmedia&parent=334"}],"wp:term":[{"taxonomy":"product_cat","embeddable":true,"href":"https:\/\/b2b.turkeyexpotrade.com\/index.php?rest_route=%2Fwp%2Fv2%2Fproduct_cat&post=334"},{"taxonomy":"product_tag","embeddable":true,"href":"https:\/\/b2b.turkeyexpotrade.com\/index.php?rest_route=%2Fwp%2Fv2%2Fproduct_tag&post=334"}],"curies":[{"name":"wp","href":"https:\/\/api.w.org\/{rel}","templated":true}]}}