{"id":381,"date":"2025-01-29T19:14:11","date_gmt":"2025-01-29T16:14:11","guid":{"rendered":"https:\/\/b2b.turkeyexpotrade.com\/?post_type=product&#038;p=381"},"modified":"2025-02-10T09:57:40","modified_gmt":"2025-02-10T06:57:40","slug":"hdpe-film-makineleri-manuel-sargi","status":"publish","type":"product","link":"https:\/\/b2b.turkeyexpotrade.com\/?product=hdpe-film-makineleri-manuel-sargi","title":{"rendered":"HDPE Film Makineleri (Manuel Sarg\u0131)"},"content":{"rendered":"<div>\n<table cellpadding=\"7\">\n<tbody>\n<tr>\n<td><\/td>\n<td>\u00d6ZM \u00d8 50 H 600<\/td>\n<td>\u00d6ZM \u00d8 60 H 800<\/td>\n<td>\u00d6ZM \u00d8 60 HD 800<\/td>\n<\/tr>\n<tr>\n<td>KULLANILACAK MALZEME<\/td>\n<td>HDPE<\/td>\n<td>HDPE<\/td>\n<td>HDPE<\/td>\n<\/tr>\n<tr>\n<td>HELEZON M\u0130L\u0130<\/td>\n<td>\u00d8 50 mm<\/td>\n<td>\u00d8 60 mm<\/td>\n<td>\u00d8 60 mm<\/td>\n<\/tr>\n<tr>\n<td>KAFA S\u0130STEM\u0130<\/td>\n<td>Sabit<\/td>\n<td>D\u00f6ner<\/td>\n<td>D\u00f6ner<\/td>\n<\/tr>\n<tr>\n<td>KAFA \u00c7API<\/td>\n<td>\u00d8 70 mm<\/td>\n<td>\u00d8 80 mm<\/td>\n<td>\u00d8 80 mm<\/td>\n<\/tr>\n<tr>\n<td>KULE T\u0130P\u0130<\/td>\n<td>Hareketli<\/td>\n<td>Hareketli<\/td>\n<td>Hareketli<\/td>\n<\/tr>\n<tr>\n<td>KULE Y\u00dcKSEKL\u0130\u011e\u0130<\/td>\n<td>3500 mm<\/td>\n<td>3800 mm<\/td>\n<td>5010 mm<\/td>\n<\/tr>\n<tr>\n<td>SARGI T\u0130P\u0130<\/td>\n<td>Tekli, manuel<\/td>\n<td>Tekli, manuel<\/td>\n<td>Tekli, manuel<\/td>\n<\/tr>\n<tr>\n<td>MERDANE GEN\u0130\u015eL\u0130\u011e\u0130<\/td>\n<td>600 mm<\/td>\n<td>800 mm<\/td>\n<td>800 mm<\/td>\n<\/tr>\n<tr>\n<td>F\u0130LM GEN\u0130\u015eL\u0130\u011e\u0130 (Min-Max)<\/td>\n<td>500 mm<\/td>\n<td>700 mm<\/td>\n<td>700 mm<\/td>\n<\/tr>\n<tr>\n<td>F\u0130LM\u00a0KALINLI\u011eI (Min-Max)<\/td>\n<td>0,015-0,200 mm<\/td>\n<td>0,015-0,200 mm<\/td>\n<td>0,015-0,200 mm<\/td>\n<\/tr>\n<tr>\n<td>ANA MOTOR<\/td>\n<td>22\u00a0kw<\/td>\n<td>22\u00a0kw<\/td>\n<td>22\u00a0kw<\/td>\n<\/tr>\n<tr>\n<td>TOPLAM G\u00dc\u00c7<\/td>\n<td>34 kw<\/td>\n<td>55,4 kw<\/td>\n<td>55,4 kw<\/td>\n<\/tr>\n<tr>\n<td>KAPAS\u0130TE<\/td>\n<td>50 kg\/s<\/td>\n<td>65 kg\/s<\/td>\n<td>70 kg\/s<\/td>\n<\/tr>\n<\/tbody>\n<\/table>\n<\/div>\n<p>&nbsp;<\/p>\n<h5>STANDART EK\u0130PMANLAR<\/h5>\n<ul>\n<li>Hammadde emici<\/li>\n<li>Haval\u0131 \u015faft \u2013\u00a02 adet<\/li>\n<li>Muz merdane<\/li>\n<li>Gofraj merdane<\/li>\n<li>Yan kesim aparat\u0131<\/li>\n<\/ul>\n<h5>OPS\u0130YONEL EK\u0130PMANLAR<\/h5>\n<ul>\n<li>Corona<\/li>\n<\/ul>\n","protected":false},"excerpt":{"rendered":"<p>\u00d6ZM \u00d8 50 H 600 \u00d6ZM \u00d8 60 H 800 \u00d6ZM \u00d8 60 HD 800 KULLANILACAK MALZEME HDPE HDPE HDPE HELEZON M\u0130L\u0130 \u00d8 50 mm \u00d8 60 mm \u00d8 60 mm KAFA S\u0130STEM\u0130 Sabit D\u00f6ner D\u00f6ner KAFA \u00c7API \u00d8 70 mm \u00d8 80 mm \u00d8 80 mm KULE T\u0130P\u0130 Hareketli Hareketli Hareketli KULE Y\u00dcKSEKL\u0130\u011e\u0130 3500 [&hellip;]<\/p>\n","protected":false},"featured_media":382,"comment_status":"open","ping_status":"closed","template":"","meta":[],"product_cat":[29,42],"product_tag":[88,89,87],"class_list":{"0":"post-381","1":"product","2":"type-product","3":"status-publish","4":"has-post-thumbnail","6":"product_cat-makinalar","7":"product_cat-poset-uretim-makineleri","8":"product_tag-poseturetim","9":"product_tag-poseturetimmakinalari","10":"product_tag-poseturetimmakineleri","12":"first","13":"instock","14":"shipping-taxable","15":"product-type-simple"},"_links":{"self":[{"href":"https:\/\/b2b.turkeyexpotrade.com\/index.php?rest_route=\/wp\/v2\/product\/381","targetHints":{"allow":["GET"]}}],"collection":[{"href":"https:\/\/b2b.turkeyexpotrade.com\/index.php?rest_route=\/wp\/v2\/product"}],"about":[{"href":"https:\/\/b2b.turkeyexpotrade.com\/index.php?rest_route=\/wp\/v2\/types\/product"}],"replies":[{"embeddable":true,"href":"https:\/\/b2b.turkeyexpotrade.com\/index.php?rest_route=%2Fwp%2Fv2%2Fcomments&post=381"}],"wp:featuredmedia":[{"embeddable":true,"href":"https:\/\/b2b.turkeyexpotrade.com\/index.php?rest_route=\/wp\/v2\/media\/382"}],"wp:attachment":[{"href":"https:\/\/b2b.turkeyexpotrade.com\/index.php?rest_route=%2Fwp%2Fv2%2Fmedia&parent=381"}],"wp:term":[{"taxonomy":"product_cat","embeddable":true,"href":"https:\/\/b2b.turkeyexpotrade.com\/index.php?rest_route=%2Fwp%2Fv2%2Fproduct_cat&post=381"},{"taxonomy":"product_tag","embeddable":true,"href":"https:\/\/b2b.turkeyexpotrade.com\/index.php?rest_route=%2Fwp%2Fv2%2Fproduct_tag&post=381"}],"curies":[{"name":"wp","href":"https:\/\/api.w.org\/{rel}","templated":true}]}}