{"id":386,"date":"2024-01-29T19:17:52","date_gmt":"2024-01-29T16:17:52","guid":{"rendered":"https:\/\/b2b.turkeyexpotrade.com\/?post_type=product&#038;p=386"},"modified":"2025-02-10T09:57:21","modified_gmt":"2025-02-10T06:57:21","slug":"aa-co-ex-film-makineleri","status":"publish","type":"product","link":"https:\/\/b2b.turkeyexpotrade.com\/?product=aa-co-ex-film-makineleri","title":{"rendered":"AA CO-EX Film Makineleri"},"content":{"rendered":"<div>\n<table cellpadding=\"7\">\n<tbody>\n<tr>\n<td><\/td>\n<td>\u00d6ZM \u00d8 80 LBN 1300D 2A<\/td>\n<td>\u00d6ZM \u00d8 90 LBN 1700D 2A<\/td>\n<\/tr>\n<tr>\n<td>KULLANILACAK MALZEME<\/td>\n<td>LDPE<\/td>\n<td>LDPE<\/td>\n<\/tr>\n<tr>\n<td>HELEZON M\u0130L\u0130<\/td>\n<td>\u00d8 80 mm<\/td>\n<td>\u00d8 90 mm<\/td>\n<\/tr>\n<tr>\n<td>KAFA S\u0130STEM\u0130<\/td>\n<td>Sabit<\/td>\n<td>Sabit<\/td>\n<\/tr>\n<tr>\n<td>KAFA \u00c7API<\/td>\n<td>\u00d8 300 mm<\/td>\n<td>\u00d8\u00a0350 mm<\/td>\n<\/tr>\n<tr>\n<td>KULE T\u0130P\u0130<\/td>\n<td>D\u00f6ner<\/td>\n<td>D\u00f6ner<\/td>\n<\/tr>\n<tr>\n<td>KULE Y\u00dcKSEKL\u0130\u011e\u0130<\/td>\n<td>8000 mm<\/td>\n<td>8000 mm<\/td>\n<\/tr>\n<tr>\n<td>SARGI T\u0130P\u0130<\/td>\n<td>Back to back, non-stop<\/td>\n<td>Back to back, non-stop<\/td>\n<\/tr>\n<tr>\n<td>MERDANE GEN\u0130\u015eL\u0130\u011e\u0130<\/td>\n<td>1300 mm<\/td>\n<td>1700 mm<\/td>\n<\/tr>\n<tr>\n<td>F\u0130LM GEN\u0130\u015eL\u0130\u011e\u0130 (Min-Max)<\/td>\n<td>400-1200 mm<\/td>\n<td>500-1600 mm<\/td>\n<\/tr>\n<tr>\n<td>F\u0130LM\u00a0KALINLI\u011eI (Min-Max)<\/td>\n<td>0,018-0,200 mm<\/td>\n<td>0,018-0,200 mm<\/td>\n<\/tr>\n<tr>\n<td>ANA MOTOR<\/td>\n<td>45\u00a0kw<\/td>\n<td>55 kw<\/td>\n<\/tr>\n<tr>\n<td>TOPLAM G\u00dc\u00c7<\/td>\n<td>99,8 kw<\/td>\n<td>109,8 kw<\/td>\n<\/tr>\n<tr>\n<td>KAPAS\u0130TE<\/td>\n<td>250 kg\/s<\/td>\n<td>300 kg\/s<\/td>\n<\/tr>\n<\/tbody>\n<\/table>\n<\/div>\n<p>&nbsp;<\/p>\n<h5>STANDART EK\u0130PMANLAR<\/h5>\n<ul>\n<li>Hammadde emici &#8211; 1 adet<\/li>\n<li>Haval\u0131 \u015faft &#8211; 2 adet<\/li>\n<li>Muz merdane &#8211; 2 adet<\/li>\n<li>Yan kesim aparat\u0131 &#8211; 1 tak\u0131m<\/li>\n<li>Bas\u0131n\u00e7 sens\u00f6r\u00fc &#8211; 1 adet<\/li>\n<\/ul>\n<h5>OPS\u0130YONEL EK\u0130PMANLAR<\/h5>\n<ul>\n<li>Corona<\/li>\n<\/ul>\n","protected":false},"excerpt":{"rendered":"<p>\u00d6ZM \u00d8 80 LBN 1300D 2A \u00d6ZM \u00d8 90 LBN 1700D 2A KULLANILACAK MALZEME LDPE LDPE HELEZON M\u0130L\u0130 \u00d8 80 mm \u00d8 90 mm KAFA S\u0130STEM\u0130 Sabit Sabit KAFA \u00c7API \u00d8 300 mm \u00d8\u00a0350 mm KULE T\u0130P\u0130 D\u00f6ner D\u00f6ner KULE Y\u00dcKSEKL\u0130\u011e\u0130 8000 mm 8000 mm SARGI T\u0130P\u0130 Back to back, non-stop Back to back, non-stop [&hellip;]<\/p>\n","protected":false},"featured_media":387,"comment_status":"open","ping_status":"closed","template":"","meta":[],"product_cat":[29,42],"product_tag":[93,91,92,90,88,89,87],"class_list":{"0":"post-386","1":"product","2":"type-product","3":"status-publish","4":"has-post-thumbnail","6":"product_cat-makinalar","7":"product_cat-poset-uretim-makineleri","8":"product_tag-makianalar","9":"product_tag-naylonposetmakinei","10":"product_tag-ozmakmakina","11":"product_tag-posetmakineleri","12":"product_tag-poseturetim","13":"product_tag-poseturetimmakinalari","14":"product_tag-poseturetimmakineleri","16":"first","17":"instock","18":"shipping-taxable","19":"product-type-simple"},"_links":{"self":[{"href":"https:\/\/b2b.turkeyexpotrade.com\/index.php?rest_route=\/wp\/v2\/product\/386","targetHints":{"allow":["GET"]}}],"collection":[{"href":"https:\/\/b2b.turkeyexpotrade.com\/index.php?rest_route=\/wp\/v2\/product"}],"about":[{"href":"https:\/\/b2b.turkeyexpotrade.com\/index.php?rest_route=\/wp\/v2\/types\/product"}],"replies":[{"embeddable":true,"href":"https:\/\/b2b.turkeyexpotrade.com\/index.php?rest_route=%2Fwp%2Fv2%2Fcomments&post=386"}],"wp:featuredmedia":[{"embeddable":true,"href":"https:\/\/b2b.turkeyexpotrade.com\/index.php?rest_route=\/wp\/v2\/media\/387"}],"wp:attachment":[{"href":"https:\/\/b2b.turkeyexpotrade.com\/index.php?rest_route=%2Fwp%2Fv2%2Fmedia&parent=386"}],"wp:term":[{"taxonomy":"product_cat","embeddable":true,"href":"https:\/\/b2b.turkeyexpotrade.com\/index.php?rest_route=%2Fwp%2Fv2%2Fproduct_cat&post=386"},{"taxonomy":"product_tag","embeddable":true,"href":"https:\/\/b2b.turkeyexpotrade.com\/index.php?rest_route=%2Fwp%2Fv2%2Fproduct_tag&post=386"}],"curies":[{"name":"wp","href":"https:\/\/api.w.org\/{rel}","templated":true}]}}