{"id":388,"date":"2024-01-29T19:24:00","date_gmt":"2024-01-29T16:24:00","guid":{"rendered":"https:\/\/b2b.turkeyexpotrade.com\/?post_type=product&#038;p=388"},"modified":"2025-02-10T09:57:03","modified_gmt":"2025-02-10T06:57:03","slug":"ab-co-ex-film-makineleri","status":"publish","type":"product","link":"https:\/\/b2b.turkeyexpotrade.com\/?product=ab-co-ex-film-makineleri","title":{"rendered":"AB CO-EX Film Makineleri"},"content":{"rendered":"<div class=\"tm-main uk-width-medium-7-10\"><main id=\"tm-content\" class=\"tm-content\"><\/p>\n<article class=\"uk-article tm-article-blog\" data-permalink=\"http:\/\/ozmak.com\/tr\/urun\/plastik-film-exruder\/ab-co-ex-film-makineleri-grubu\/246-ab-co-ex-ldpe-film-makineleri-back-to-back-non-stop-sargi\">\n<div class=\"tm-article-content uk-margin\">\n<div>\n<table cellpadding=\"7\">\n<tbody>\n<tr>\n<td>\u00d6ZM \u00d8 65-65 LBN 1300<\/td>\n<td>\u00d6ZM \u00d8 65-65 LBN 1600<\/td>\n<\/tr>\n<tr>\n<td>KULLANILACAK MALZEME<\/td>\n<td>LDPE<\/td>\n<td>HDPE-LDPE<\/td>\n<\/tr>\n<tr>\n<td>HELEZON M\u0130L\u0130<\/td>\n<td>\u00d8 65-65 mm<\/td>\n<td>\u00d8 65-65 mm<\/td>\n<\/tr>\n<tr>\n<td>KAFA S\u0130STEM\u0130<\/td>\n<td>D\u00f6ner<\/td>\n<td>D\u00f6ner<\/td>\n<\/tr>\n<tr>\n<td>KAFA \u00c7API<\/td>\n<td>\u00d8 200 mm<\/td>\n<td>\u00d8 200-300 mm<\/td>\n<\/tr>\n<tr>\n<td>KULE T\u0130P\u0130<\/td>\n<td>Sabit<\/td>\n<td>Sabit<\/td>\n<\/tr>\n<tr>\n<td>KULE Y\u00dcKSEKL\u0130\u011e\u0130<\/td>\n<td>7000 mm<\/td>\n<td>7500 mm<\/td>\n<\/tr>\n<tr>\n<td>SARGI T\u0130P\u0130<\/td>\n<td>back to back, non-stop<\/td>\n<td>back to back, non-stop<\/td>\n<\/tr>\n<tr>\n<td>MERDANE GEN\u0130\u015eL\u0130\u011e\u0130<\/td>\n<td>1300 mm<\/td>\n<td>1600\u00a0mm<\/td>\n<\/tr>\n<tr>\n<td>F\u0130LM GEN\u0130\u015eL\u0130\u011e\u0130 (Min-Max)<\/td>\n<td>400-1200 mm<\/td>\n<td>400-1200 mm<\/td>\n<\/tr>\n<tr>\n<td>F\u0130LM\u00a0KALINLI\u011eI (Min-Max)<\/td>\n<td>0,018-0,200 mm<\/td>\n<td>0,025-0,200 mm<\/td>\n<\/tr>\n<tr>\n<td>ANA MOTOR<\/td>\n<td>30-30 kw<\/td>\n<td>30-30 kw<\/td>\n<\/tr>\n<tr>\n<td>TOPLAM G\u00dc\u00c7<\/td>\n<td>147 kw<\/td>\n<td>147 kw<\/td>\n<\/tr>\n<tr>\n<td>KAPAS\u0130TE<\/td>\n<td>150 kg\/s<\/td>\n<td>180 kg\/s<\/td>\n<\/tr>\n<\/tbody>\n<\/table>\n<\/div>\n<p>&nbsp;<\/p>\n<h5>STANDART EK\u0130PMANLAR<\/h5>\n<ul>\n<li>Hammadde emici \u2013 2 adet<\/li>\n<li>Haval\u0131 \u015faft \u2013 5 adet<\/li>\n<li>Muz merdane \u2013 4 adet<\/li>\n<li>Yan kesim aparat\u0131 \u2013 2 tak\u0131m<\/li>\n<li>Bas\u0131n\u00e7 sens\u00f6r\u00fc \u2013 2 adet<\/li>\n<\/ul>\n<h5>OPS\u0130YONEL\u00a0EK\u0130PMANLAR<\/h5>\n<ul>\n<li>Corona<\/li>\n<\/ul>\n<\/div>\n<\/article>\n<p><\/main><\/p>\n<section id=\"tm-main-bottom\" class=\"tm-main-bottom tm-main-bottom uk-grid\" style=\"box-sizing: border-box; display: flex; flex-wrap: wrap; margin: 40px 0px 0px -40px; padding: 0px; list-style: none;\" data-uk-grid-match=\"{target:'&gt; div &gt; .uk-panel'}\" data-uk-grid-margin=\"\">\n<div class=\"uk-width-1-1 uk-row-first\">\n<div class=\"uk-panel\">\n<ul class=\"category-module mod-list\">\n<li><a class=\"mod-articles-category-title active\" href=\"https:\/\/ozmak.com\/tr\/urun\/plastik-film-exruder\/ab-co-ex-film-makineleri-grubu\/246-ab-co-ex-ldpe-film-makineleri-back-to-back-non-stop-sargi\">AB CO-EX LDPE Film Makineleri (Back To Back, Non-Stop Sarg\u0131)<\/a><\/li>\n<\/ul>\n<\/div>\n<\/div>\n<\/section>\n<\/div>\n<aside class=\"tm-sidebar-a uk-width-medium-3-10 uk-flex-order-first-medium uk-row-first\">\n<div class=\"uk-panel uk-panel-box uk-panel-box-secondary _menu\">\n<ul class=\"uk-nav uk-nav-parent-icon uk-nav-side\" data-uk-nav=\"{}\">\n<li><a href=\"https:\/\/ozmak.com\/tr\/urun\/plastik-film-exruder\/mono-film-makineleri-grubu\">Mono Film Makineleri<\/a><\/li>\n<li><a href=\"https:\/\/ozmak.com\/tr\/urun\/plastik-film-exruder\/aa-co-ex-film-makineleri-grubu\">AA CO-EX Film Makineleri<\/a><\/li>\n<li class=\"uk-active\"><a href=\"https:\/\/ozmak.com\/tr\/urun\/plastik-film-exruder\/ab-co-ex-film-makineleri-grubu\">AB CO-EX Film Makineleri<\/a><\/li>\n<li><a href=\"https:\/\/ozmak.com\/tr\/urun\/plastik-film-exruder\/aba-co-ex-film-makineleri-grubu\">ABA CO-EX Film Makineleri<\/a><\/li>\n<li><a href=\"https:\/\/ozmak.com\/tr\/urun\/plastik-film-exruder\/abc-co-ex-film-makineleri-grubu\">ABC CO-EX Film Makineleri<\/a><\/li>\n<\/ul>\n<\/div>\n<div class=\"uk-panel uk-panel-box uk-panel-box-secondary _menu\">\n<ul class=\"uk-nav uk-nav-parent-icon uk-nav-side\" data-uk-nav=\"{}\">\n<li class=\"uk-active\"><a href=\"https:\/\/ozmak.com\/tr\/urun\/plastik-film-exruder\">Plastik Blown Film Makinalar\u0131<\/a><\/li>\n<li><a href=\"https:\/\/ozmak.com\/tr\/urun\/geri-donusum-makinalari\">Plastik Geri D\u00f6n\u00fc\u015f\u00fcm Makinalar\u0131<\/a><\/li>\n<li><a href=\"https:\/\/ozmak.com\/tr\/urun\/plastik-poset-makinalari\">Plastik Po\u015fet Makinalar\u0131<\/a><\/li>\n<\/ul>\n<\/div>\n<\/aside>\n","protected":false},"excerpt":{"rendered":"<p>\u00d6ZM \u00d8 65-65 LBN 1300 \u00d6ZM \u00d8 65-65 LBN 1600 KULLANILACAK MALZEME LDPE HDPE-LDPE HELEZON M\u0130L\u0130 \u00d8 65-65 mm \u00d8 65-65 mm KAFA S\u0130STEM\u0130 D\u00f6ner D\u00f6ner KAFA \u00c7API \u00d8 200 mm \u00d8 200-300 mm KULE T\u0130P\u0130 Sabit Sabit KULE Y\u00dcKSEKL\u0130\u011e\u0130 7000 mm 7500 mm SARGI T\u0130P\u0130 back to back, non-stop back to back, non-stop MERDANE [&hellip;]<\/p>\n","protected":false},"featured_media":389,"comment_status":"open","ping_status":"closed","template":"","meta":[],"product_cat":[29,42],"product_tag":[91,94,95,90],"class_list":{"0":"post-388","1":"product","2":"type-product","3":"status-publish","4":"has-post-thumbnail","6":"product_cat-makinalar","7":"product_cat-poset-uretim-makineleri","8":"product_tag-naylonposetmakinei","9":"product_tag-posetmakina","10":"product_tag-posetmakinalari","11":"product_tag-posetmakineleri","13":"first","14":"instock","15":"shipping-taxable","16":"product-type-simple"},"_links":{"self":[{"href":"https:\/\/b2b.turkeyexpotrade.com\/index.php?rest_route=\/wp\/v2\/product\/388","targetHints":{"allow":["GET"]}}],"collection":[{"href":"https:\/\/b2b.turkeyexpotrade.com\/index.php?rest_route=\/wp\/v2\/product"}],"about":[{"href":"https:\/\/b2b.turkeyexpotrade.com\/index.php?rest_route=\/wp\/v2\/types\/product"}],"replies":[{"embeddable":true,"href":"https:\/\/b2b.turkeyexpotrade.com\/index.php?rest_route=%2Fwp%2Fv2%2Fcomments&post=388"}],"wp:featuredmedia":[{"embeddable":true,"href":"https:\/\/b2b.turkeyexpotrade.com\/index.php?rest_route=\/wp\/v2\/media\/389"}],"wp:attachment":[{"href":"https:\/\/b2b.turkeyexpotrade.com\/index.php?rest_route=%2Fwp%2Fv2%2Fmedia&parent=388"}],"wp:term":[{"taxonomy":"product_cat","embeddable":true,"href":"https:\/\/b2b.turkeyexpotrade.com\/index.php?rest_route=%2Fwp%2Fv2%2Fproduct_cat&post=388"},{"taxonomy":"product_tag","embeddable":true,"href":"https:\/\/b2b.turkeyexpotrade.com\/index.php?rest_route=%2Fwp%2Fv2%2Fproduct_tag&post=388"}],"curies":[{"name":"wp","href":"https:\/\/api.w.org\/{rel}","templated":true}]}}