{"id":405,"date":"2025-01-31T00:39:17","date_gmt":"2025-01-30T21:39:17","guid":{"rendered":"https:\/\/b2b.turkeyexpotrade.com\/?post_type=product&#038;p=405"},"modified":"2025-05-15T05:32:33","modified_gmt":"2025-05-15T02:32:33","slug":"aqua-kahve-creaforce-nevresim-takimi","status":"publish","type":"product","link":"https:\/\/b2b.turkeyexpotrade.com\/?product=aqua-kahve-creaforce-nevresim-takimi","title":{"rendered":"Aqua Kahve Creaforce Nevresim Tak\u0131m\u0131"},"content":{"rendered":"<p><strong>\u00c7apa Home Creaforce Aqua Nevresim Tak\u0131m\u0131<\/strong><\/p>\n<p>Model: Kahve<\/p>\n<p><strong>\u00dcr\u00fcn \u0130\u00e7eri\u011fi \u2013 \u00c7\u0130FT K\u0130\u015e\u0130L\u0130K<\/strong><\/p>\n<p>Nevresim \/ 200\u00d7220 cm (1)<\/p>\n<p>\u00c7ar\u015faf \/ 240\u00d7260 cm (1)<\/p>\n<p>Yast\u0131k K\u0131l\u0131f\u0131 \/ 50\u00d770 cm (2)<\/p>\n<p><strong>\u00dcr\u00fcn \u0130\u00e7eri\u011fi \u2013 TEK K\u0130\u015e\u0130L\u0130K<\/strong><\/p>\n<p>Nevresim \/ 160\u00d7220 cm (1)<\/p>\n<p>\u00c7ar\u015faf \/ 160\u00d7240 cm (1)<\/p>\n<p>Yast\u0131k K\u0131l\u0131f\u0131 \/ 50\u00d770 cm (1)<\/p>\n<p>Kalite : %80 PAMUK %20<\/p>\n<p>\u00dcr\u00fcn kutulu olarak g\u00f6nderilmektedir.<\/p>\n<p>&nbsp;<\/p>\n<p><strong>\u00dcr\u00fcn\u00fcn\u00fcz\u00fcn uzun \u00f6m\u00fcrl\u00fc kullan\u0131m i\u00e7in;<\/strong><\/p>\n<p>\u00dcr\u00fcnlerinizi y\u0131karken s\u0131v\u0131 deterjan kullan\u0131n\u0131z.<br \/>\n\u00dcr\u00fcn\u00fc y\u0131kamadan \u00f6nce ters y\u00fcz ediniz.<br \/>\n\u00c7ama\u015f\u0131r makinas\u0131nda y\u0131kanabilir. (Maksimum 30 ila 40 derece aras\u0131nda y\u0131kay\u0131n\u0131z.)<br \/>\nY\u0131kamadan sonra \u00fcr\u00fcn\u00fc makinede bekletmeyiniz.<br \/>\nSererek kurutunuz. (Kurutma makinas\u0131 kullan\u0131m\u0131na uygundur.)<br \/>\n\u00dct\u00fc kullan\u0131ma uygundur. (Il\u0131k derecede \u00fct\u00fcleyiniz.)<br \/>\n\u00c7ama\u015f\u0131r suyu kullanmay\u0131n\u0131z.<\/p>\n","protected":false},"excerpt":{"rendered":"<p>\u00c7apa Home Creaforce Aqua Nevresim Tak\u0131m\u0131 Model: Kahve \u00dcr\u00fcn \u0130\u00e7eri\u011fi \u2013 \u00c7\u0130FT K\u0130\u015e\u0130L\u0130K Nevresim \/ 200\u00d7220 cm (1) \u00c7ar\u015faf \/ 240\u00d7260 cm (1) Yast\u0131k K\u0131l\u0131f\u0131 \/ 50\u00d770 cm (2) \u00dcr\u00fcn \u0130\u00e7eri\u011fi \u2013 TEK K\u0130\u015e\u0130L\u0130K Nevresim \/ 160\u00d7220 cm (1) \u00c7ar\u015faf \/ 160\u00d7240 cm (1) Yast\u0131k K\u0131l\u0131f\u0131 \/ 50\u00d770 cm (1) Kalite : %80 PAMUK %20 [&hellip;]<\/p>\n","protected":false},"featured_media":406,"comment_status":"open","ping_status":"closed","template":"","meta":[],"product_cat":[32,107],"product_tag":[116,118,117],"class_list":{"0":"post-405","1":"product","2":"type-product","3":"status-publish","4":"has-post-thumbnail","6":"product_cat-ev-tekstil","7":"product_cat-nevresim-takimi","8":"product_tag-banyo-paspas-takim","9":"product_tag-ev-tekstili","10":"product_tag-nevresim-takimi","12":"first","13":"instock","14":"shipping-taxable","15":"product-type-simple"},"_links":{"self":[{"href":"https:\/\/b2b.turkeyexpotrade.com\/index.php?rest_route=\/wp\/v2\/product\/405","targetHints":{"allow":["GET"]}}],"collection":[{"href":"https:\/\/b2b.turkeyexpotrade.com\/index.php?rest_route=\/wp\/v2\/product"}],"about":[{"href":"https:\/\/b2b.turkeyexpotrade.com\/index.php?rest_route=\/wp\/v2\/types\/product"}],"replies":[{"embeddable":true,"href":"https:\/\/b2b.turkeyexpotrade.com\/index.php?rest_route=%2Fwp%2Fv2%2Fcomments&post=405"}],"wp:featuredmedia":[{"embeddable":true,"href":"https:\/\/b2b.turkeyexpotrade.com\/index.php?rest_route=\/wp\/v2\/media\/406"}],"wp:attachment":[{"href":"https:\/\/b2b.turkeyexpotrade.com\/index.php?rest_route=%2Fwp%2Fv2%2Fmedia&parent=405"}],"wp:term":[{"taxonomy":"product_cat","embeddable":true,"href":"https:\/\/b2b.turkeyexpotrade.com\/index.php?rest_route=%2Fwp%2Fv2%2Fproduct_cat&post=405"},{"taxonomy":"product_tag","embeddable":true,"href":"https:\/\/b2b.turkeyexpotrade.com\/index.php?rest_route=%2Fwp%2Fv2%2Fproduct_tag&post=405"}],"curies":[{"name":"wp","href":"https:\/\/api.w.org\/{rel}","templated":true}]}}