{"id":420,"date":"2025-02-03T21:01:59","date_gmt":"2025-02-03T18:01:59","guid":{"rendered":"https:\/\/b2b.turkeyexpotrade.com\/?post_type=product&#038;p=420"},"modified":"2025-03-05T18:37:43","modified_gmt":"2025-03-05T15:37:43","slug":"alya-antrasit-sonil-jakarli-cift-kisilik-pike-takimi","status":"publish","type":"product","link":"https:\/\/b2b.turkeyexpotrade.com\/?product=alya-antrasit-sonil-jakarli-cift-kisilik-pike-takimi","title":{"rendered":"Alya Antrasit \u015e\u00f6nil Jakarl\u0131 \u00c7ift Ki\u015filik Pike Tak\u0131m\u0131"},"content":{"rendered":"<p>\u00c7apa Home Alya \u015e\u00f6nil Jakarl\u0131 \u00c7ift Ki\u015filik Pike Tak\u0131m\u0131<\/p>\n<p>Renk : Antrasit<\/p>\n<p>&nbsp;<\/p>\n<p>Pano Jakar Dokuma Soft \u015e\u00f6nil Kuma\u015f<\/p>\n<p>&nbsp;<\/p>\n<p>&nbsp;<\/p>\n<p><strong>\u00dcr\u00fcn \u0130\u00e7eri\u011fi \u2013 \u00c7\u0130FT K\u0130\u015e\u0130L\u0130K<\/strong><\/p>\n<p>Yatak \u00d6rt\u00fcs\u00fc \/ 240\u00d7260 cm (1)<\/p>\n<p>Volanl\u0131 Yast\u0131k K\u0131l\u0131f\u0131 \/ 65\u00d775 cm (2)<\/p>\n<p>&nbsp;<\/p>\n<p>&nbsp;<\/p>\n<p>Kalite :<\/p>\n<p>Yatak \u00d6rt\u00fcs\u00fc %100 Polyester<\/p>\n<p>T\u00fcrkiye\u2019 de \u00dcretilmi\u015ftir.<\/p>\n<p>&nbsp;<\/p>\n<p><strong>\u00dcr\u00fcn\u00fcn\u00fcz\u00fcn uzun \u00f6m\u00fcrl\u00fc kullan\u0131m i\u00e7in;<\/strong><\/p>\n<p>\u00dcr\u00fcnlerinizi y\u0131karken s\u0131v\u0131 deterjan kullan\u0131n\u0131z.<br \/>\n\u00dcr\u00fcn\u00fc y\u0131kamadan \u00f6nce ters y\u00fcz ediniz.<br \/>\n\u00c7ama\u015f\u0131r makinas\u0131nda y\u0131kanabilir. (Maksimum 30 ila 40 derece aras\u0131nda y\u0131kay\u0131n\u0131z.)<br \/>\nY\u0131kamadan sonra \u00fcr\u00fcn\u00fc makinede bekletmeyiniz.<br \/>\nSererek kurutunuz. (Kurutma makinas\u0131 kullan\u0131m\u0131na uygundur.)<br \/>\n\u00dct\u00fc kullan\u0131ma uygundur. (Il\u0131k derecede \u00fct\u00fcleyiniz.)<br \/>\n\u00c7ama\u015f\u0131r suyu kullanmay\u0131n\u0131z.<\/p>\n","protected":false},"excerpt":{"rendered":"<p>\u00c7apa Home Alya \u015e\u00f6nil Jakarl\u0131 \u00c7ift Ki\u015filik Pike Tak\u0131m\u0131 Renk : Antrasit &nbsp; Pano Jakar Dokuma Soft \u015e\u00f6nil Kuma\u015f &nbsp; &nbsp; \u00dcr\u00fcn \u0130\u00e7eri\u011fi \u2013 \u00c7\u0130FT K\u0130\u015e\u0130L\u0130K Yatak \u00d6rt\u00fcs\u00fc \/ 240\u00d7260 cm (1) Volanl\u0131 Yast\u0131k K\u0131l\u0131f\u0131 \/ 65\u00d775 cm (2) &nbsp; &nbsp; Kalite : Yatak \u00d6rt\u00fcs\u00fc %100 Polyester T\u00fcrkiye\u2019 de \u00dcretilmi\u015ftir. &nbsp; \u00dcr\u00fcn\u00fcn\u00fcz\u00fcn uzun \u00f6m\u00fcrl\u00fc kullan\u0131m [&hellip;]<\/p>\n","protected":false},"featured_media":421,"comment_status":"open","ping_status":"closed","template":"","meta":[],"product_cat":[32,106],"product_tag":[],"class_list":{"0":"post-420","1":"product","2":"type-product","3":"status-publish","4":"has-post-thumbnail","6":"product_cat-ev-tekstil","7":"product_cat-yatay-ortusu","9":"first","10":"instock","11":"shipping-taxable","12":"product-type-simple"},"_links":{"self":[{"href":"https:\/\/b2b.turkeyexpotrade.com\/index.php?rest_route=\/wp\/v2\/product\/420","targetHints":{"allow":["GET"]}}],"collection":[{"href":"https:\/\/b2b.turkeyexpotrade.com\/index.php?rest_route=\/wp\/v2\/product"}],"about":[{"href":"https:\/\/b2b.turkeyexpotrade.com\/index.php?rest_route=\/wp\/v2\/types\/product"}],"replies":[{"embeddable":true,"href":"https:\/\/b2b.turkeyexpotrade.com\/index.php?rest_route=%2Fwp%2Fv2%2Fcomments&post=420"}],"wp:featuredmedia":[{"embeddable":true,"href":"https:\/\/b2b.turkeyexpotrade.com\/index.php?rest_route=\/wp\/v2\/media\/421"}],"wp:attachment":[{"href":"https:\/\/b2b.turkeyexpotrade.com\/index.php?rest_route=%2Fwp%2Fv2%2Fmedia&parent=420"}],"wp:term":[{"taxonomy":"product_cat","embeddable":true,"href":"https:\/\/b2b.turkeyexpotrade.com\/index.php?rest_route=%2Fwp%2Fv2%2Fproduct_cat&post=420"},{"taxonomy":"product_tag","embeddable":true,"href":"https:\/\/b2b.turkeyexpotrade.com\/index.php?rest_route=%2Fwp%2Fv2%2Fproduct_tag&post=420"}],"curies":[{"name":"wp","href":"https:\/\/api.w.org\/{rel}","templated":true}]}}