{"id":652,"date":"2025-03-01T21:24:30","date_gmt":"2025-03-01T18:24:30","guid":{"rendered":"https:\/\/b2b.turkeyexpotrade.com\/?post_type=product&#038;p=652"},"modified":"2025-03-02T02:42:30","modified_gmt":"2025-03-01T23:42:30","slug":"turk-mermeri-2","status":"publish","type":"product","link":"https:\/\/b2b.turkeyexpotrade.com\/?product=turk-mermeri-2","title":{"rendered":"T\u00fcrk Mermeri"},"content":{"rendered":"<p>T\u00fcrk Mermeri Hakk\u0131nda<\/p>\n<p>Sekt\u00f6rde yakla\u015f\u0131k 800 ocak, 1500 fabrika ve 7000 civar\u0131nda at\u00f6lye faaliyet g\u00f6stermektedir. Ocaklar\u0131n %90&#8217;\u0131 Ege ve Marmara B\u00f6lgesinde yo\u011funla\u015fm\u0131\u015ft\u0131r. Mevcut ocaklar\u0131n %27&#8217;si\u00a0<a title=\"Bal\u0131kesir\" href=\"https:\/\/tr.wikipedia.org\/wiki\/Bal%C4%B1kesir\">Bal\u0131kesir<\/a>, %24&#8217;\u00fc\u00a0<a title=\"Afyonkarahisar\" href=\"https:\/\/tr.wikipedia.org\/wiki\/Afyonkarahisar\">Afyonkarahisar<\/a>, %12&#8217;si\u00a0<a title=\"Bilecik\" href=\"https:\/\/tr.wikipedia.org\/wiki\/Bilecik\">Bilecik<\/a>, %8&#8217;i\u00a0<a title=\"Denizli\" href=\"https:\/\/tr.wikipedia.org\/wiki\/Denizli\">Denizli<\/a>, %6&#8217;s\u0131\u00a0<a title=\"Mu\u011fla\" href=\"https:\/\/tr.wikipedia.org\/wiki\/Mu%C4%9Fla\">Mu\u011fla<\/a>\u00a0ve\u00a0% 4&#8217;\u00fc de\u00a0<a title=\"Eski\u015fehir\" href=\"https:\/\/tr.wikipedia.org\/wiki\/Eski%C5%9Fehir\">Eski\u015fehir<\/a>\u00a0\u0130llerinde yer almaktad\u0131r. Bu b\u00f6lgelerdeki \u00fcretim t\u00fcm \u00fcretimin %65&#8217;ini olu\u015fturmaktad\u0131r.<\/p>\n<p>Uluslararas\u0131 piyasalarda en tan\u0131nm\u0131\u015f mermer \u00e7e\u015fitleri, S\u00fcpren,\u00a0<a class=\"new\" title=\"Elaz\u0131\u011f Vi\u015fne (sayfa mevcut de\u011fil)\" href=\"https:\/\/tr.wikipedia.org\/w\/index.php?title=Elaz%C4%B1%C4%9F_Vi%C5%9Fne&amp;action=edit&amp;redlink=1\">Elaz\u0131\u011f Vi\u015fne<\/a>, Ak\u015fehir Siyah, Manyas Beyaz,\u00a0<a class=\"new\" title=\"Bilecik Bej (sayfa mevcut de\u011fil)\" href=\"https:\/\/tr.wikipedia.org\/w\/index.php?title=Bilecik_Bej&amp;action=edit&amp;redlink=1\">Bilecik Bej<\/a>, Kaplan Postu,\u00a0<a title=\"Traverten\" href=\"https:\/\/tr.wikipedia.org\/wiki\/Traverten\">Denizli Traverten<\/a>, Ege Bordo, Milas Leylak, Karacasu Ye\u015fili (Firuze)<a title=\"K\u00fctahya (il)\" href=\"https:\/\/tr.wikipedia.org\/wiki\/K%C3%BCtahya_(il)\">K\u00fctahya<\/a>\u00a0Chocolate Traverten, Gemlik Diyabaz ve\u00a0<a class=\"new\" title=\"Afyon \u015eeker (sayfa mevcut de\u011fil)\" href=\"https:\/\/tr.wikipedia.org\/w\/index.php?title=Afyon_%C5%9Eeker&amp;action=edit&amp;redlink=1\">Afyon \u015eeker<\/a>&#8216;dir.<\/p>\n<p>Kaynak: wikipedia<\/p>\n<h3><span style=\"color: #ff6600;\"><strong>Teslim \u015eartlar\u0131 :<\/strong><\/span>\u00a0 \u00a0%40 Pe\u015fin Geri Kalan\u0131\u00a0 : %60\u00a0 G\u00fcmr\u00fck Teslim<\/h3>\n<h3><strong><span style=\"color: #ff6600;\">Nas\u0131l Sipari\u015f Verebilirim\u00a0 ?<\/span>\u00a0<\/strong><\/h3>\n<h3><strong><span style=\"color: #ff6600;\">\u0130leti\u015fim\u00a0 Bilgilerimiz :<\/span>\u00a0 \u00a0+ 9 0 532 466 60 68\u00a0 ( whatsapp )<\/strong><\/h3>\n<p>&nbsp;<\/p>\n<p>marble &#8211; turkey marble<\/p>\n<p>&nbsp;<\/p>\n","protected":false},"excerpt":{"rendered":"<p><a title=\"Bal\u0131kesir\" href=\"https:\/\/tr.wikipedia.org\/wiki\/Bal%C4%B1kesir\">Bal\u0131kesir<\/a>,<\/p>\n<p><a title=\"Afyonkarahisar\" href=\"https:\/\/tr.wikipedia.org\/wiki\/Afyonkarahisar\">Afyonkarahisar<\/a>,<\/p>\n<p><a title=\"Bilecik\" href=\"https:\/\/tr.wikipedia.org\/wiki\/Bilecik\">Bilecik<\/a>,<\/p>\n<p><a title=\"Denizli\" href=\"https:\/\/tr.wikipedia.org\/wiki\/Denizli\">Denizli<\/a>,<\/p>\n<p>&nbsp;<\/p>\n<p><a title=\"Mu\u011fla\" href=\"https:\/\/tr.wikipedia.org\/wiki\/Mu%C4%9Fla\">Mu\u011fla<\/a><\/p>\n<p><a title=\"Eski\u015fehir\" href=\"https:\/\/tr.wikipedia.org\/wiki\/Eski%C5%9Fehir\">Eski\u015fehir<\/a><\/p>\n<p>&nbsp;<\/p>\n<p>&nbsp;<\/p>\n<p>&nbsp;<\/p>\n","protected":false},"featured_media":654,"comment_status":"open","ping_status":"closed","template":"","meta":[],"product_cat":[30,47],"product_tag":[132,131,83,133,134],"class_list":{"0":"post-652","1":"product","2":"type-product","3":"status-publish","4":"has-post-thumbnail","6":"product_cat-insaat-malzemesi","7":"product_cat-mermer","8":"product_tag-insaat-malzemesi","9":"product_tag-marble","10":"product_tag-mermer","11":"product_tag-turkey-marble","12":"product_tag-white-marble","14":"first","15":"instock","16":"shipping-taxable","17":"product-type-simple"},"_links":{"self":[{"href":"https:\/\/b2b.turkeyexpotrade.com\/index.php?rest_route=\/wp\/v2\/product\/652","targetHints":{"allow":["GET"]}}],"collection":[{"href":"https:\/\/b2b.turkeyexpotrade.com\/index.php?rest_route=\/wp\/v2\/product"}],"about":[{"href":"https:\/\/b2b.turkeyexpotrade.com\/index.php?rest_route=\/wp\/v2\/types\/product"}],"replies":[{"embeddable":true,"href":"https:\/\/b2b.turkeyexpotrade.com\/index.php?rest_route=%2Fwp%2Fv2%2Fcomments&post=652"}],"wp:featuredmedia":[{"embeddable":true,"href":"https:\/\/b2b.turkeyexpotrade.com\/index.php?rest_route=\/wp\/v2\/media\/654"}],"wp:attachment":[{"href":"https:\/\/b2b.turkeyexpotrade.com\/index.php?rest_route=%2Fwp%2Fv2%2Fmedia&parent=652"}],"wp:term":[{"taxonomy":"product_cat","embeddable":true,"href":"https:\/\/b2b.turkeyexpotrade.com\/index.php?rest_route=%2Fwp%2Fv2%2Fproduct_cat&post=652"},{"taxonomy":"product_tag","embeddable":true,"href":"https:\/\/b2b.turkeyexpotrade.com\/index.php?rest_route=%2Fwp%2Fv2%2Fproduct_tag&post=652"}],"curies":[{"name":"wp","href":"https:\/\/api.w.org\/{rel}","templated":true}]}}