{"id":712,"date":"2025-03-02T22:44:52","date_gmt":"2025-03-02T19:44:52","guid":{"rendered":"https:\/\/b2b.turkeyexpotrade.com\/?post_type=product&#038;p=712"},"modified":"2025-03-02T22:44:52","modified_gmt":"2025-03-02T19:44:52","slug":"celik-kapi","status":"publish","type":"product","link":"https:\/\/b2b.turkeyexpotrade.com\/?product=celik-kapi","title":{"rendered":"\u00c7elik Kap\u0131"},"content":{"rendered":"<p>\u00c7elik Kap\u0131 \u00d6zellikleri<\/p>\n<p>&nbsp;<\/p>\n<p>Katalog i\u00e7in <a href=\"https:\/\/www.ustalar.com\/urunler\/Mobilya\/celikkapi.pdf\">t\u0131klay\u0131n &gt;&gt;&gt;&gt;&gt;<\/a><\/p>\n<p>&nbsp;<\/p>\n","protected":false},"excerpt":{"rendered":"<p>\u00c7elik Kap\u0131<\/p>\n<p>&nbsp;<\/p>\n","protected":false},"featured_media":713,"comment_status":"open","ping_status":"closed","template":"","meta":[],"product_cat":[37,30],"product_tag":[135,132],"class_list":{"0":"post-712","1":"product","2":"type-product","3":"status-publish","4":"has-post-thumbnail","6":"product_cat-celik-kapi","7":"product_cat-insaat-malzemesi","8":"product_tag-celik-kapi","9":"product_tag-insaat-malzemesi","11":"first","12":"instock","13":"shipping-taxable","14":"product-type-simple"},"_links":{"self":[{"href":"https:\/\/b2b.turkeyexpotrade.com\/index.php?rest_route=\/wp\/v2\/product\/712","targetHints":{"allow":["GET"]}}],"collection":[{"href":"https:\/\/b2b.turkeyexpotrade.com\/index.php?rest_route=\/wp\/v2\/product"}],"about":[{"href":"https:\/\/b2b.turkeyexpotrade.com\/index.php?rest_route=\/wp\/v2\/types\/product"}],"replies":[{"embeddable":true,"href":"https:\/\/b2b.turkeyexpotrade.com\/index.php?rest_route=%2Fwp%2Fv2%2Fcomments&post=712"}],"wp:featuredmedia":[{"embeddable":true,"href":"https:\/\/b2b.turkeyexpotrade.com\/index.php?rest_route=\/wp\/v2\/media\/713"}],"wp:attachment":[{"href":"https:\/\/b2b.turkeyexpotrade.com\/index.php?rest_route=%2Fwp%2Fv2%2Fmedia&parent=712"}],"wp:term":[{"taxonomy":"product_cat","embeddable":true,"href":"https:\/\/b2b.turkeyexpotrade.com\/index.php?rest_route=%2Fwp%2Fv2%2Fproduct_cat&post=712"},{"taxonomy":"product_tag","embeddable":true,"href":"https:\/\/b2b.turkeyexpotrade.com\/index.php?rest_route=%2Fwp%2Fv2%2Fproduct_tag&post=712"}],"curies":[{"name":"wp","href":"https:\/\/api.w.org\/{rel}","templated":true}]}}