{"id":789,"date":"2025-03-02T22:55:45","date_gmt":"2025-03-02T19:55:45","guid":{"rendered":"https:\/\/b2b.turkeyexpotrade.com\/?post_type=product&#038;p=789"},"modified":"2025-03-02T22:55:45","modified_gmt":"2025-03-02T19:55:45","slug":"oda-kapisi","status":"publish","type":"product","link":"https:\/\/b2b.turkeyexpotrade.com\/?product=oda-kapisi","title":{"rendered":"Oda Kap\u0131s\u0131"},"content":{"rendered":"<p>Oda Kap\u0131lar\u0131<\/p>\n<p>&nbsp;<\/p>\n<p>E-Katalog i\u00e7in <a href=\"https:\/\/www.ustalar.com\/urunler\/Mobilya\/4-Oda%20kap%C4%B1s%C4%B1.pdf\"><strong>T\u0131klay\u0131n &gt;&gt;&gt;&gt;<\/strong><\/a><\/p>\n","protected":false},"excerpt":{"rendered":"<p>Oda Kap\u0131lar\u0131<\/p>\n<p>&nbsp;<\/p>\n<p>E-Katalog i\u00e7in <a href=\"https:\/\/www.ustalar.com\/urunler\/Mobilya\/4-Oda%20kap%C4%B1s%C4%B1.pdf\"><strong>T\u0131klay\u0131n &gt;&gt;&gt;&gt;<\/strong><\/a><\/p>\n","protected":false},"featured_media":790,"comment_status":"open","ping_status":"closed","template":"","meta":[],"product_cat":[86,30],"product_tag":[137],"class_list":{"0":"post-789","1":"product","2":"type-product","3":"status-publish","4":"has-post-thumbnail","6":"product_cat-dekorasyon-urunler","7":"product_cat-insaat-malzemesi","8":"product_tag-oda-kapisi","10":"first","11":"instock","12":"shipping-taxable","13":"product-type-simple"},"_links":{"self":[{"href":"https:\/\/b2b.turkeyexpotrade.com\/index.php?rest_route=\/wp\/v2\/product\/789","targetHints":{"allow":["GET"]}}],"collection":[{"href":"https:\/\/b2b.turkeyexpotrade.com\/index.php?rest_route=\/wp\/v2\/product"}],"about":[{"href":"https:\/\/b2b.turkeyexpotrade.com\/index.php?rest_route=\/wp\/v2\/types\/product"}],"replies":[{"embeddable":true,"href":"https:\/\/b2b.turkeyexpotrade.com\/index.php?rest_route=%2Fwp%2Fv2%2Fcomments&post=789"}],"wp:featuredmedia":[{"embeddable":true,"href":"https:\/\/b2b.turkeyexpotrade.com\/index.php?rest_route=\/wp\/v2\/media\/790"}],"wp:attachment":[{"href":"https:\/\/b2b.turkeyexpotrade.com\/index.php?rest_route=%2Fwp%2Fv2%2Fmedia&parent=789"}],"wp:term":[{"taxonomy":"product_cat","embeddable":true,"href":"https:\/\/b2b.turkeyexpotrade.com\/index.php?rest_route=%2Fwp%2Fv2%2Fproduct_cat&post=789"},{"taxonomy":"product_tag","embeddable":true,"href":"https:\/\/b2b.turkeyexpotrade.com\/index.php?rest_route=%2Fwp%2Fv2%2Fproduct_tag&post=789"}],"curies":[{"name":"wp","href":"https:\/\/api.w.org\/{rel}","templated":true}]}}